{"id":36837,"date":"2021-03-29T02:13:52","date_gmt":"2021-03-29T00:13:52","guid":{"rendered":"https:\/\/les-violettes.com\/offres-sejours\/"},"modified":"2025-05-06T10:14:12","modified_gmt":"2025-05-06T08:14:12","slug":"angebot-aufenthalte","status":"publish","type":"page","link":"https:\/\/les-violettes.com\/de\/angebot-aufenthalte\/","title":{"rendered":"Angebote f\u00fcr Aufenthalte"},"content":{"rendered":"\t\t<div data-elementor-type=\"wp-page\" data-elementor-id=\"36837\" class=\"elementor elementor-36837 elementor-647\" data-elementor-settings=\"{&quot;ha_cmc_init_switcher&quot;:&quot;no&quot;}\" data-elementor-post-type=\"page\">\n\t\t\t\t\t\t<section class=\"elementor-section elementor-top-section elementor-element elementor-element-5e4ed218 elementor-section-height-min-height elementor-section-boxed elementor-section-gap-beside-yes elementor-section-height-default elementor-section-items-middle elementor-section-column-vertical-align-stretch\" data-id=\"5e4ed218\" data-element_type=\"section\" data-e-type=\"section\" data-settings=\"{&quot;background_background&quot;:&quot;classic&quot;,&quot;_ha_eqh_enable&quot;:false}\">\n\t\t\t\t\t\t\t<div class=\"elementor-background-overlay\"><\/div>\n\t\t\t\t\t\t\t<div class=\"elementor-container elementor-column-gap-extended\">\n\t\t\t\t\t<div class=\"elementor-column elementor-col-100 elementor-top-column elementor-element elementor-element-404c4908\" data-id=\"404c4908\" data-element_type=\"column\" data-e-type=\"column\">\n\t\t\t<div class=\"elementor-widget-wrap elementor-element-populated\">\n\t\t\t\t\t\t<div class=\"elementor-element elementor-element-6447e3fa elementor-widget elementor-widget-spacer\" data-id=\"6447e3fa\" data-element_type=\"widget\" data-e-type=\"widget\" data-widget_type=\"spacer.default\">\n\t\t\t\t<div class=\"elementor-widget-container\">\n\t\t\t\t\t\t\t<div class=\"elementor-spacer\">\n\t\t\t<div class=\"elementor-spacer-inner\"><\/div>\n\t\t<\/div>\n\t\t\t\t\t\t<\/div>\n\t\t\t\t<\/div>\n\t\t\t\t<div class=\"elementor-element elementor-element-7f4c1471 elementor-widget elementor-widget-heading\" data-id=\"7f4c1471\" data-element_type=\"widget\" data-e-type=\"widget\" data-widget_type=\"heading.default\">\n\t\t\t\t<div class=\"elementor-widget-container\">\n\t\t\t\t\t<h1 class=\"elementor-heading-title elementor-size-default\">Unsere Angebote Aufenthalt\n<\/h1>\t\t\t\t<\/div>\n\t\t\t\t<\/div>\n\t\t\t\t\t<\/div>\n\t\t<\/div>\n\t\t\t\t\t<\/div>\n\t\t<\/section>\n\t\t\t\t<section class=\"elementor-section elementor-top-section elementor-element elementor-element-3353bc8 elementor-section-boxed elementor-section-gap-beside-yes elementor-section-height-default elementor-section-height-default elementor-section-column-vertical-align-stretch\" data-id=\"3353bc8\" data-element_type=\"section\" data-e-type=\"section\" data-settings=\"{&quot;_ha_eqh_enable&quot;:false}\">\n\t\t\t\t\t\t<div class=\"elementor-container elementor-column-gap-extended\">\n\t\t\t\t\t<div class=\"elementor-column elementor-col-100 elementor-top-column elementor-element elementor-element-0a2bc64\" data-id=\"0a2bc64\" data-element_type=\"column\" data-e-type=\"column\">\n\t\t\t<div class=\"elementor-widget-wrap elementor-element-populated\">\n\t\t\t\t\t\t<div class=\"elementor-element elementor-element-447e3ef elementor-widget__width-initial elementor-invisible elementor-widget elementor-widget-text-editor\" data-id=\"447e3ef\" data-element_type=\"widget\" data-e-type=\"widget\" data-settings=\"{&quot;_animation&quot;:&quot;nussFadeInUp&quot;}\" data-widget_type=\"text-editor.default\">\n\t\t\t\t<div class=\"elementor-widget-container\">\n\t\t\t\t\t\t\t\t\t<p>Entdecken Sie unsere aktuellen Aufenthaltsangebote und profitieren Sie von au\u00dfergew\u00f6hnlichen Angeboten in unserem 4-Sterne-Hotel und Spa im Elsass.<\/p>\t\t\t\t\t\t\t\t<\/div>\n\t\t\t\t<\/div>\n\t\t\t\t\t<\/div>\n\t\t<\/div>\n\t\t\t\t\t<\/div>\n\t\t<\/section>\n\t\t\t\t<section class=\"elementor-section elementor-top-section elementor-element elementor-element-7a7619e elementor-section-boxed elementor-section-gap-beside-yes elementor-section-height-default elementor-section-height-default elementor-section-column-vertical-align-stretch\" data-id=\"7a7619e\" data-element_type=\"section\" data-e-type=\"section\" data-settings=\"{&quot;_ha_eqh_enable&quot;:false}\">\n\t\t\t\t\t\t<div class=\"elementor-container elementor-column-gap-extended\">\n\t\t\t\t\t<div class=\"elementor-column elementor-col-100 elementor-top-column elementor-element elementor-element-83d1e9c\" data-id=\"83d1e9c\" data-element_type=\"column\" data-e-type=\"column\">\n\t\t\t<div class=\"elementor-widget-wrap elementor-element-populated\">\n\t\t\t\t\t\t<div class=\"elementor-element elementor-element-2c90c81 elementor-grid-2 elementor-grid-tablet-2 elementor-grid-mobile-1 elementor-posts--thumbnail-top elementor-widget elementor-widget-posts\" data-id=\"2c90c81\" data-element_type=\"widget\" data-e-type=\"widget\" data-settings=\"{&quot;classic_row_gap&quot;:{&quot;unit&quot;:&quot;px&quot;,&quot;size&quot;:70,&quot;sizes&quot;:[]},&quot;classic_columns&quot;:&quot;2&quot;,&quot;classic_columns_tablet&quot;:&quot;2&quot;,&quot;classic_columns_mobile&quot;:&quot;1&quot;,&quot;classic_row_gap_tablet&quot;:{&quot;unit&quot;:&quot;px&quot;,&quot;size&quot;:&quot;&quot;,&quot;sizes&quot;:[]},&quot;classic_row_gap_mobile&quot;:{&quot;unit&quot;:&quot;px&quot;,&quot;size&quot;:&quot;&quot;,&quot;sizes&quot;:[]}}\" data-widget_type=\"posts.classic\">\n\t\t\t\t<div class=\"elementor-widget-container\">\n\t\t\t\t\t\t\t<div class=\"elementor-posts-container elementor-posts elementor-posts--skin-classic elementor-grid\" role=\"list\">\n\t\t\t\t<article class=\"elementor-post elementor-grid-item post-40048 post type-post status-publish format-standard has-post-thumbnail hentry category-angebote-aufenthalt category-offres-speciales-de\" role=\"listitem\">\n\t\t\t\t<a class=\"elementor-post__thumbnail__link\" href=\"https:\/\/les-violettes.com\/de\/entspannungsurlaub-absolue-amoureux\/\" tabindex=\"-1\" >\n\t\t\t<div class=\"elementor-post__thumbnail\"><img fetchpriority=\"high\" decoding=\"async\" width=\"768\" height=\"450\" src=\"https:\/\/les-violettes.com\/wp-content\/uploads\/2024\/02\/sejour_detente_absolue_amoureux_haut-rhin-768x450.jpg\" class=\"attachment-medium_large size-medium_large wp-image-41492\" alt=\"S\u00e9jour detente absolue dans le haut-rhin\" srcset=\"https:\/\/les-violettes.com\/wp-content\/uploads\/2024\/02\/sejour_detente_absolue_amoureux_haut-rhin-768x450.jpg 768w, https:\/\/les-violettes.com\/wp-content\/uploads\/2024\/02\/sejour_detente_absolue_amoureux_haut-rhin-300x176.jpg 300w, https:\/\/les-violettes.com\/wp-content\/uploads\/2024\/02\/sejour_detente_absolue_amoureux_haut-rhin-1024x599.jpg 1024w, https:\/\/les-violettes.com\/wp-content\/uploads\/2024\/02\/sejour_detente_absolue_amoureux_haut-rhin-1536x899.jpg 1536w, https:\/\/les-violettes.com\/wp-content\/uploads\/2024\/02\/sejour_detente_absolue_amoureux_haut-rhin.jpg 1599w\" sizes=\"(max-width: 768px) 100vw, 768px\" \/><\/div>\n\t\t<\/a>\n\t\t\t\t<div class=\"elementor-post__text\">\n\t\t\t\t<h3 class=\"elementor-post__title\">\n\t\t\t<a href=\"https:\/\/les-violettes.com\/de\/entspannungsurlaub-absolue-amoureux\/\" >\n\t\t\t\tEntspannungsurlaub Absolue en Amoureux\t\t\t<\/a>\n\t\t<\/h3>\n\t\t\t\t<div class=\"elementor-post__excerpt\">\n\t\t\t<p>&#8211; HALBPENSION INKL. GETR\u00c4NKE MIT EINER DUO-BEHANDLUNG Zum Preis von 634 \u20ac f\u00fcr 2 Personen Halbpension inkl. Getr\u00e4nke unter der Woche (Sonntag bis Donnerstag), bestehend<\/p>\n\t\t<\/div>\n\t\t\n\t\t<a class=\"elementor-post__read-more\" href=\"https:\/\/les-violettes.com\/de\/entspannungsurlaub-absolue-amoureux\/\" aria-label=\"Mehr \u00fcber Entspannungsurlaub Absolue en Amoureux\" tabindex=\"-1\" >\n\t\t\tWeitere informationen\t\t<\/a>\n\n\t\t\t\t<\/div>\n\t\t\t\t<\/article>\n\t\t\t\t<article class=\"elementor-post elementor-grid-item post-36969 post type-post status-publish format-standard has-post-thumbnail hentry category-angebote-aufenthalt category-offres-speciales-de category-unkategorisiert\" role=\"listitem\">\n\t\t\t\t<a class=\"elementor-post__thumbnail__link\" href=\"https:\/\/les-violettes.com\/de\/aufenthalt-bed-breakfast-im-elsass\/\" tabindex=\"-1\" >\n\t\t\t<div class=\"elementor-post__thumbnail\"><img decoding=\"async\" width=\"768\" height=\"450\" src=\"https:\/\/les-violettes.com\/wp-content\/uploads\/2024\/02\/chambre_petit_dejeuner_les_violettes_haut-rhin-768x450.jpg\" class=\"attachment-medium_large size-medium_large wp-image-41489\" alt=\"Chambre avec petit d\u00e9jeuner aux violettes dans le haut-rhin\" srcset=\"https:\/\/les-violettes.com\/wp-content\/uploads\/2024\/02\/chambre_petit_dejeuner_les_violettes_haut-rhin-768x450.jpg 768w, https:\/\/les-violettes.com\/wp-content\/uploads\/2024\/02\/chambre_petit_dejeuner_les_violettes_haut-rhin-300x176.jpg 300w, https:\/\/les-violettes.com\/wp-content\/uploads\/2024\/02\/chambre_petit_dejeuner_les_violettes_haut-rhin-1024x600.jpg 1024w, https:\/\/les-violettes.com\/wp-content\/uploads\/2024\/02\/chambre_petit_dejeuner_les_violettes_haut-rhin-1536x900.jpg 1536w, https:\/\/les-violettes.com\/wp-content\/uploads\/2024\/02\/chambre_petit_dejeuner_les_violettes_haut-rhin.jpg 1600w\" sizes=\"(max-width: 768px) 100vw, 768px\" \/><\/div>\n\t\t<\/a>\n\t\t\t\t<div class=\"elementor-post__text\">\n\t\t\t\t<h3 class=\"elementor-post__title\">\n\t\t\t<a href=\"https:\/\/les-violettes.com\/de\/aufenthalt-bed-breakfast-im-elsass\/\" >\n\t\t\t\tAufenthalt Bed &#038; Breakfast im Elsass\t\t\t<\/a>\n\t\t<\/h3>\n\t\t\t\t<div class=\"elementor-post__excerpt\">\n\t\t\t<p>MIT ZUGANG ZUM SPA UND FR\u00dcHST\u00dcCK Ab 289\u20ac f\u00fcr 2 Personen Eine \u00dcbernachtung in der gew\u00fcnschten Zimmerkategorie Fr\u00fchst\u00fcck in Form eines Schlemmerbuffets Unbegrenzter Zugang* zum<\/p>\n\t\t<\/div>\n\t\t\n\t\t<a class=\"elementor-post__read-more\" href=\"https:\/\/les-violettes.com\/de\/aufenthalt-bed-breakfast-im-elsass\/\" aria-label=\"Mehr \u00fcber Aufenthalt Bed &#038; Breakfast im Elsass\" tabindex=\"-1\" >\n\t\t\tWeitere informationen\t\t<\/a>\n\n\t\t\t\t<\/div>\n\t\t\t\t<\/article>\n\t\t\t\t<article class=\"elementor-post elementor-grid-item post-36971 post type-post status-publish format-standard has-post-thumbnail hentry category-angebote-aufenthalt category-offres-speciales-de\" role=\"listitem\">\n\t\t\t\t<a class=\"elementor-post__thumbnail__link\" href=\"https:\/\/les-violettes.com\/de\/zum-geburtstag-im-elsass\/\" tabindex=\"-1\" >\n\t\t\t<div class=\"elementor-post__thumbnail\"><img decoding=\"async\" width=\"768\" height=\"505\" src=\"https:\/\/les-violettes.com\/wp-content\/uploads\/2021\/11\/header_joyeux_anniversaire_alsace_violettes-768x505.jpg\" class=\"attachment-medium_large size-medium_large wp-image-41599\" alt=\"joyeux anniversaire en alsace\" srcset=\"https:\/\/les-violettes.com\/wp-content\/uploads\/2021\/11\/header_joyeux_anniversaire_alsace_violettes-768x505.jpg 768w, https:\/\/les-violettes.com\/wp-content\/uploads\/2021\/11\/header_joyeux_anniversaire_alsace_violettes-300x197.jpg 300w, https:\/\/les-violettes.com\/wp-content\/uploads\/2021\/11\/header_joyeux_anniversaire_alsace_violettes-1024x673.jpg 1024w, https:\/\/les-violettes.com\/wp-content\/uploads\/2021\/11\/header_joyeux_anniversaire_alsace_violettes-1536x1010.jpg 1536w, https:\/\/les-violettes.com\/wp-content\/uploads\/2021\/11\/header_joyeux_anniversaire_alsace_violettes.jpg 1600w\" sizes=\"(max-width: 768px) 100vw, 768px\" \/><\/div>\n\t\t<\/a>\n\t\t\t\t<div class=\"elementor-post__text\">\n\t\t\t\t<h3 class=\"elementor-post__title\">\n\t\t\t<a href=\"https:\/\/les-violettes.com\/de\/zum-geburtstag-im-elsass\/\" >\n\t\t\t\tAlles Gute zum Geburtstag im Elsass\t\t\t<\/a>\n\t\t<\/h3>\n\t\t\t\t<div class=\"elementor-post__excerpt\">\n\t\t\t<p>EINE ZAUBERHAFTE KLAMMER Happy Birthday im Elsass Der Charme unseres 4-Sterne-Hauses, das in einer gr\u00fcnen Oase liegt, wird der ideale Ort sein, um Ihren Hochzeitstag<\/p>\n\t\t<\/div>\n\t\t\n\t\t<a class=\"elementor-post__read-more\" href=\"https:\/\/les-violettes.com\/de\/zum-geburtstag-im-elsass\/\" aria-label=\"Mehr \u00fcber Alles Gute zum Geburtstag im Elsass\" tabindex=\"-1\" >\n\t\t\tWeitere informationen\t\t<\/a>\n\n\t\t\t\t<\/div>\n\t\t\t\t<\/article>\n\t\t\t\t<article class=\"elementor-post elementor-grid-item post-36974 post type-post status-publish format-standard has-post-thumbnail hentry category-angebote-aufenthalt category-offres-speciales-de\" role=\"listitem\">\n\t\t\t\t<a class=\"elementor-post__thumbnail__link\" href=\"https:\/\/les-violettes.com\/de\/halbpension-privilege\/\" tabindex=\"-1\" >\n\t\t\t<div class=\"elementor-post__thumbnail\"><img loading=\"lazy\" decoding=\"async\" width=\"768\" height=\"512\" src=\"https:\/\/les-violettes.com\/wp-content\/uploads\/2021\/11\/Demi-Pension_Privilege_avec_jacuzzi_haut-rhin-768x512.jpg\" class=\"attachment-medium_large size-medium_large wp-image-42546\" alt=\"chambre avec jacuzzi privatif dans le haut-rhin\" srcset=\"https:\/\/les-violettes.com\/wp-content\/uploads\/2021\/11\/Demi-Pension_Privilege_avec_jacuzzi_haut-rhin-768x512.jpg 768w, https:\/\/les-violettes.com\/wp-content\/uploads\/2021\/11\/Demi-Pension_Privilege_avec_jacuzzi_haut-rhin-300x200.jpg 300w, https:\/\/les-violettes.com\/wp-content\/uploads\/2021\/11\/Demi-Pension_Privilege_avec_jacuzzi_haut-rhin-1024x683.jpg 1024w, https:\/\/les-violettes.com\/wp-content\/uploads\/2021\/11\/Demi-Pension_Privilege_avec_jacuzzi_haut-rhin-1536x1024.jpg 1536w, https:\/\/les-violettes.com\/wp-content\/uploads\/2021\/11\/Demi-Pension_Privilege_avec_jacuzzi_haut-rhin.jpg 1600w\" sizes=\"(max-width: 768px) 100vw, 768px\" \/><\/div>\n\t\t<\/a>\n\t\t\t\t<div class=\"elementor-post__text\">\n\t\t\t\t<h3 class=\"elementor-post__title\">\n\t\t\t<a href=\"https:\/\/les-violettes.com\/de\/halbpension-privilege\/\" >\n\t\t\t\tHalbpension Privilege\t\t\t<\/a>\n\t\t<\/h3>\n\t\t\t\t<div class=\"elementor-post__excerpt\">\n\t\t\t<p>Ab 579\u20ac f\u00fcr 2 Personen<br \/>\nEine \u00dcbernachtung in der gew\u00fcnschten Zimmerkategorie, Abendessen in unserem Restaurant<\/p>\n\t\t<\/div>\n\t\t\n\t\t<a class=\"elementor-post__read-more\" href=\"https:\/\/les-violettes.com\/de\/halbpension-privilege\/\" aria-label=\"Mehr \u00fcber Halbpension Privilege\" tabindex=\"-1\" >\n\t\t\tWeitere informationen\t\t<\/a>\n\n\t\t\t\t<\/div>\n\t\t\t\t<\/article>\n\t\t\t\t<\/div>\n\t\t\n\t\t\t\t\t\t<\/div>\n\t\t\t\t<\/div>\n\t\t\t\t\t<\/div>\n\t\t<\/div>\n\t\t\t\t\t<\/div>\n\t\t<\/section>\n\t\t\t\t<\/div>\n\t\t","protected":false},"excerpt":{"rendered":"<p>Unsere Angebote Aufenthalt Entdecken Sie unsere aktuellen Aufenthaltsangebote und profitieren Sie von au\u00dfergew\u00f6hnlichen Angeboten in unserem 4-Sterne-Hotel und Spa im Elsass.<\/p>\n","protected":false},"author":1,"featured_media":33985,"parent":0,"menu_order":22,"comment_status":"closed","ping_status":"closed","template":"elementor_header_footer","meta":{"footnotes":""},"class_list":["post-36837","page","type-page","status-publish","has-post-thumbnail","hentry"],"yoast_head":"<!-- This site is optimized with the Yoast SEO plugin v27.3 - https:\/\/yoast.com\/product\/yoast-seo-wordpress\/ -->\n<title>Angebote f\u00fcr Aufenthalte | Hotel &amp; Spa Les Violettes im Elsass<\/title>\n<meta name=\"description\" content=\"Entdecken Sie die au\u00dfergew\u00f6hnlichen Aufenthaltsangebote des H\u00f4tel &amp; Spa les Violettes im Elsass: Liebeswochenende, Gesch\u00e4ftsreise...\" \/>\n<meta name=\"robots\" content=\"index, follow, max-snippet:-1, max-image-preview:large, max-video-preview:-1\" \/>\n<link rel=\"canonical\" href=\"https:\/\/les-violettes.com\/de\/angebot-aufenthalte\/\" \/>\n<meta property=\"og:locale\" content=\"de_DE\" \/>\n<meta property=\"og:type\" content=\"article\" \/>\n<meta property=\"og:title\" content=\"Angebote f\u00fcr Aufenthalte | Hotel &amp; Spa Les Violettes im Elsass\" \/>\n<meta property=\"og:description\" content=\"Entdecken Sie die au\u00dfergew\u00f6hnlichen Aufenthaltsangebote des H\u00f4tel &amp; Spa les Violettes im Elsass: Liebeswochenende, Gesch\u00e4ftsreise...\" \/>\n<meta property=\"og:url\" content=\"https:\/\/les-violettes.com\/de\/angebot-aufenthalte\/\" \/>\n<meta property=\"og:site_name\" content=\"Hot\u00eal &amp; Spa Les Violettes\" \/>\n<meta property=\"article:modified_time\" content=\"2025-05-06T08:14:12+00:00\" \/>\n<meta property=\"og:image\" content=\"http:\/\/les-violettes.com\/wp-content\/uploads\/2021\/12\/199205421_6067500316593305_7600995432393368582_n.jpg\" \/>\n\t<meta property=\"og:image:width\" content=\"1973\" \/>\n\t<meta property=\"og:image:height\" content=\"1155\" \/>\n\t<meta property=\"og:image:type\" content=\"image\/jpeg\" \/>\n<meta name=\"twitter:card\" content=\"summary_large_image\" \/>\n<meta name=\"twitter:label1\" content=\"Gesch\u00e4tzte Lesezeit\" \/>\n\t<meta name=\"twitter:data1\" content=\"1\u00a0Minute\" \/>\n<script type=\"application\/ld+json\" class=\"yoast-schema-graph\">{\"@context\":\"https:\\\/\\\/schema.org\",\"@graph\":[{\"@type\":\"WebPage\",\"@id\":\"https:\\\/\\\/les-violettes.com\\\/de\\\/angebot-aufenthalte\\\/\",\"url\":\"https:\\\/\\\/les-violettes.com\\\/de\\\/angebot-aufenthalte\\\/\",\"name\":\"Angebote f\u00fcr Aufenthalte | Hotel & Spa Les Violettes im Elsass\",\"isPartOf\":{\"@id\":\"https:\\\/\\\/les-violettes.com\\\/de\\\/#website\"},\"primaryImageOfPage\":{\"@id\":\"https:\\\/\\\/les-violettes.com\\\/de\\\/angebot-aufenthalte\\\/#primaryimage\"},\"image\":{\"@id\":\"https:\\\/\\\/les-violettes.com\\\/de\\\/angebot-aufenthalte\\\/#primaryimage\"},\"thumbnailUrl\":\"https:\\\/\\\/les-violettes.com\\\/wp-content\\\/uploads\\\/2021\\\/12\\\/199205421_6067500316593305_7600995432393368582_n.jpg\",\"datePublished\":\"2021-03-29T00:13:52+00:00\",\"dateModified\":\"2025-05-06T08:14:12+00:00\",\"description\":\"Entdecken Sie die au\u00dfergew\u00f6hnlichen Aufenthaltsangebote des H\u00f4tel & Spa les Violettes im Elsass: Liebeswochenende, Gesch\u00e4ftsreise...\",\"breadcrumb\":{\"@id\":\"https:\\\/\\\/les-violettes.com\\\/de\\\/angebot-aufenthalte\\\/#breadcrumb\"},\"inLanguage\":\"de\",\"potentialAction\":[{\"@type\":\"ReadAction\",\"target\":[\"https:\\\/\\\/les-violettes.com\\\/de\\\/angebot-aufenthalte\\\/\"]}]},{\"@type\":\"ImageObject\",\"inLanguage\":\"de\",\"@id\":\"https:\\\/\\\/les-violettes.com\\\/de\\\/angebot-aufenthalte\\\/#primaryimage\",\"url\":\"https:\\\/\\\/les-violettes.com\\\/wp-content\\\/uploads\\\/2021\\\/12\\\/199205421_6067500316593305_7600995432393368582_n.jpg\",\"contentUrl\":\"https:\\\/\\\/les-violettes.com\\\/wp-content\\\/uploads\\\/2021\\\/12\\\/199205421_6067500316593305_7600995432393368582_n.jpg\",\"width\":1973,\"height\":1155},{\"@type\":\"BreadcrumbList\",\"@id\":\"https:\\\/\\\/les-violettes.com\\\/de\\\/angebot-aufenthalte\\\/#breadcrumb\",\"itemListElement\":[{\"@type\":\"ListItem\",\"position\":1,\"name\":\"Accueil\",\"item\":\"https:\\\/\\\/les-violettes.com\\\/de\\\/\"},{\"@type\":\"ListItem\",\"position\":2,\"name\":\"Angebote f\u00fcr Aufenthalte\"}]},{\"@type\":\"WebSite\",\"@id\":\"https:\\\/\\\/les-violettes.com\\\/de\\\/#website\",\"url\":\"https:\\\/\\\/les-violettes.com\\\/de\\\/\",\"name\":\"Hot\u00eal &amp; Spa Les Violettes\",\"description\":\"Votre H\u00f4tel &amp; Spa ****\",\"publisher\":{\"@id\":\"https:\\\/\\\/les-violettes.com\\\/de\\\/#organization\"},\"potentialAction\":[{\"@type\":\"SearchAction\",\"target\":{\"@type\":\"EntryPoint\",\"urlTemplate\":\"https:\\\/\\\/les-violettes.com\\\/de\\\/?s={search_term_string}\"},\"query-input\":{\"@type\":\"PropertyValueSpecification\",\"valueRequired\":true,\"valueName\":\"search_term_string\"}}],\"inLanguage\":\"de\"},{\"@type\":\"Organization\",\"@id\":\"https:\\\/\\\/les-violettes.com\\\/de\\\/#organization\",\"name\":\"H\u00f4tel & Spa Les Violettes\",\"url\":\"https:\\\/\\\/les-violettes.com\\\/de\\\/\",\"logo\":{\"@type\":\"ImageObject\",\"inLanguage\":\"de\",\"@id\":\"https:\\\/\\\/les-violettes.com\\\/de\\\/#\\\/schema\\\/logo\\\/image\\\/\",\"url\":\"http:\\\/\\\/les-violettes.com\\\/wp-content\\\/uploads\\\/2021\\\/10\\\/logo-violettes.png\",\"contentUrl\":\"http:\\\/\\\/les-violettes.com\\\/wp-content\\\/uploads\\\/2021\\\/10\\\/logo-violettes.png\",\"width\":2643,\"height\":540,\"caption\":\"H\u00f4tel & Spa Les Violettes\"},\"image\":{\"@id\":\"https:\\\/\\\/les-violettes.com\\\/de\\\/#\\\/schema\\\/logo\\\/image\\\/\"}}]}<\/script>\n<!-- \/ Yoast SEO plugin. -->","yoast_head_json":{"title":"Angebote f\u00fcr Aufenthalte | Hotel & Spa Les Violettes im Elsass","description":"Entdecken Sie die au\u00dfergew\u00f6hnlichen Aufenthaltsangebote des H\u00f4tel & Spa les Violettes im Elsass: Liebeswochenende, Gesch\u00e4ftsreise...","robots":{"index":"index","follow":"follow","max-snippet":"max-snippet:-1","max-image-preview":"max-image-preview:large","max-video-preview":"max-video-preview:-1"},"canonical":"https:\/\/les-violettes.com\/de\/angebot-aufenthalte\/","og_locale":"de_DE","og_type":"article","og_title":"Angebote f\u00fcr Aufenthalte | Hotel & Spa Les Violettes im Elsass","og_description":"Entdecken Sie die au\u00dfergew\u00f6hnlichen Aufenthaltsangebote des H\u00f4tel & Spa les Violettes im Elsass: Liebeswochenende, Gesch\u00e4ftsreise...","og_url":"https:\/\/les-violettes.com\/de\/angebot-aufenthalte\/","og_site_name":"Hot\u00eal &amp; Spa Les Violettes","article_modified_time":"2025-05-06T08:14:12+00:00","og_image":[{"width":1973,"height":1155,"url":"http:\/\/les-violettes.com\/wp-content\/uploads\/2021\/12\/199205421_6067500316593305_7600995432393368582_n.jpg","type":"image\/jpeg"}],"twitter_card":"summary_large_image","twitter_misc":{"Gesch\u00e4tzte Lesezeit":"1\u00a0Minute"},"schema":{"@context":"https:\/\/schema.org","@graph":[{"@type":"WebPage","@id":"https:\/\/les-violettes.com\/de\/angebot-aufenthalte\/","url":"https:\/\/les-violettes.com\/de\/angebot-aufenthalte\/","name":"Angebote f\u00fcr Aufenthalte | Hotel & Spa Les Violettes im Elsass","isPartOf":{"@id":"https:\/\/les-violettes.com\/de\/#website"},"primaryImageOfPage":{"@id":"https:\/\/les-violettes.com\/de\/angebot-aufenthalte\/#primaryimage"},"image":{"@id":"https:\/\/les-violettes.com\/de\/angebot-aufenthalte\/#primaryimage"},"thumbnailUrl":"https:\/\/les-violettes.com\/wp-content\/uploads\/2021\/12\/199205421_6067500316593305_7600995432393368582_n.jpg","datePublished":"2021-03-29T00:13:52+00:00","dateModified":"2025-05-06T08:14:12+00:00","description":"Entdecken Sie die au\u00dfergew\u00f6hnlichen Aufenthaltsangebote des H\u00f4tel & Spa les Violettes im Elsass: Liebeswochenende, Gesch\u00e4ftsreise...","breadcrumb":{"@id":"https:\/\/les-violettes.com\/de\/angebot-aufenthalte\/#breadcrumb"},"inLanguage":"de","potentialAction":[{"@type":"ReadAction","target":["https:\/\/les-violettes.com\/de\/angebot-aufenthalte\/"]}]},{"@type":"ImageObject","inLanguage":"de","@id":"https:\/\/les-violettes.com\/de\/angebot-aufenthalte\/#primaryimage","url":"https:\/\/les-violettes.com\/wp-content\/uploads\/2021\/12\/199205421_6067500316593305_7600995432393368582_n.jpg","contentUrl":"https:\/\/les-violettes.com\/wp-content\/uploads\/2021\/12\/199205421_6067500316593305_7600995432393368582_n.jpg","width":1973,"height":1155},{"@type":"BreadcrumbList","@id":"https:\/\/les-violettes.com\/de\/angebot-aufenthalte\/#breadcrumb","itemListElement":[{"@type":"ListItem","position":1,"name":"Accueil","item":"https:\/\/les-violettes.com\/de\/"},{"@type":"ListItem","position":2,"name":"Angebote f\u00fcr Aufenthalte"}]},{"@type":"WebSite","@id":"https:\/\/les-violettes.com\/de\/#website","url":"https:\/\/les-violettes.com\/de\/","name":"Hot\u00eal &amp; Spa Les Violettes","description":"Votre H\u00f4tel &amp; Spa ****","publisher":{"@id":"https:\/\/les-violettes.com\/de\/#organization"},"potentialAction":[{"@type":"SearchAction","target":{"@type":"EntryPoint","urlTemplate":"https:\/\/les-violettes.com\/de\/?s={search_term_string}"},"query-input":{"@type":"PropertyValueSpecification","valueRequired":true,"valueName":"search_term_string"}}],"inLanguage":"de"},{"@type":"Organization","@id":"https:\/\/les-violettes.com\/de\/#organization","name":"H\u00f4tel & Spa Les Violettes","url":"https:\/\/les-violettes.com\/de\/","logo":{"@type":"ImageObject","inLanguage":"de","@id":"https:\/\/les-violettes.com\/de\/#\/schema\/logo\/image\/","url":"http:\/\/les-violettes.com\/wp-content\/uploads\/2021\/10\/logo-violettes.png","contentUrl":"http:\/\/les-violettes.com\/wp-content\/uploads\/2021\/10\/logo-violettes.png","width":2643,"height":540,"caption":"H\u00f4tel & Spa Les Violettes"},"image":{"@id":"https:\/\/les-violettes.com\/de\/#\/schema\/logo\/image\/"}}]}},"publishpress_future_action":{"enabled":false,"date":"2026-04-15 22:22:37","action":"change-status","newStatus":"draft","terms":[],"taxonomy":"translation_priority","extraData":[]},"publishpress_future_workflow_manual_trigger":{"enabledWorkflows":[]},"_links":{"self":[{"href":"https:\/\/les-violettes.com\/de\/wp-json\/wp\/v2\/pages\/36837","targetHints":{"allow":["GET"]}}],"collection":[{"href":"https:\/\/les-violettes.com\/de\/wp-json\/wp\/v2\/pages"}],"about":[{"href":"https:\/\/les-violettes.com\/de\/wp-json\/wp\/v2\/types\/page"}],"author":[{"embeddable":true,"href":"https:\/\/les-violettes.com\/de\/wp-json\/wp\/v2\/users\/1"}],"replies":[{"embeddable":true,"href":"https:\/\/les-violettes.com\/de\/wp-json\/wp\/v2\/comments?post=36837"}],"version-history":[{"count":0,"href":"https:\/\/les-violettes.com\/de\/wp-json\/wp\/v2\/pages\/36837\/revisions"}],"wp:featuredmedia":[{"embeddable":true,"href":"https:\/\/les-violettes.com\/de\/wp-json\/wp\/v2\/media\/33985"}],"wp:attachment":[{"href":"https:\/\/les-violettes.com\/de\/wp-json\/wp\/v2\/media?parent=36837"}],"curies":[{"name":"wp","href":"https:\/\/api.w.org\/{rel}","templated":true}]}}