{"id":36843,"date":"2021-12-17T11:56:05","date_gmt":"2021-12-17T10:56:05","guid":{"rendered":"https:\/\/les-violettes.com\/politique-de-confidentialite\/"},"modified":"2025-05-06T10:42:47","modified_gmt":"2025-05-06T08:42:47","slug":"datenschutzrichtlinie","status":"publish","type":"page","link":"https:\/\/les-violettes.com\/de\/datenschutzrichtlinie\/","title":{"rendered":"Datenschutzrichtlinie"},"content":{"rendered":"\t\t<div data-elementor-type=\"wp-page\" data-elementor-id=\"36843\" class=\"elementor elementor-36843 elementor-33707\" data-elementor-settings=\"{&quot;ha_cmc_init_switcher&quot;:&quot;no&quot;}\" data-elementor-post-type=\"page\">\n\t\t\t\t\t\t<section class=\"elementor-section elementor-top-section elementor-element elementor-element-f88fc24 elementor-section-height-min-height elementor-section-boxed elementor-section-gap-beside-yes elementor-section-height-default elementor-section-items-middle elementor-section-column-vertical-align-stretch\" data-id=\"f88fc24\" data-element_type=\"section\" data-e-type=\"section\" data-settings=\"{&quot;background_background&quot;:&quot;classic&quot;,&quot;_ha_eqh_enable&quot;:false}\">\n\t\t\t\t\t\t\t<div class=\"elementor-background-overlay\"><\/div>\n\t\t\t\t\t\t\t<div class=\"elementor-container elementor-column-gap-extended\">\n\t\t\t\t\t<div class=\"elementor-column elementor-col-100 elementor-top-column elementor-element elementor-element-3f30c524\" data-id=\"3f30c524\" data-element_type=\"column\" data-e-type=\"column\">\n\t\t\t<div class=\"elementor-widget-wrap elementor-element-populated\">\n\t\t\t\t\t\t<div class=\"elementor-element elementor-element-3ccaee4c elementor-widget elementor-widget-spacer\" data-id=\"3ccaee4c\" data-element_type=\"widget\" data-e-type=\"widget\" data-widget_type=\"spacer.default\">\n\t\t\t\t<div class=\"elementor-widget-container\">\n\t\t\t\t\t\t\t<div class=\"elementor-spacer\">\n\t\t\t<div class=\"elementor-spacer-inner\"><\/div>\n\t\t<\/div>\n\t\t\t\t\t\t<\/div>\n\t\t\t\t<\/div>\n\t\t\t\t<div class=\"elementor-element elementor-element-43ec3db4 elementor-widget elementor-widget-heading\" data-id=\"43ec3db4\" data-element_type=\"widget\" data-e-type=\"widget\" data-widget_type=\"heading.default\">\n\t\t\t\t<div class=\"elementor-widget-container\">\n\t\t\t\t\t<h1 class=\"elementor-heading-title elementor-size-default\">Datenschutzrichtlinie<\/h1>\t\t\t\t<\/div>\n\t\t\t\t<\/div>\n\t\t\t\t\t<\/div>\n\t\t<\/div>\n\t\t\t\t\t<\/div>\n\t\t<\/section>\n\t\t\t\t<section class=\"elementor-section elementor-top-section elementor-element elementor-element-53b04cc1 elementor-section-boxed elementor-section-gap-beside-yes elementor-section-height-default elementor-section-height-default elementor-section-column-vertical-align-stretch\" data-id=\"53b04cc1\" data-element_type=\"section\" data-e-type=\"section\" data-settings=\"{&quot;_ha_eqh_enable&quot;:false}\">\n\t\t\t\t\t\t<div class=\"elementor-container elementor-column-gap-extended\">\n\t\t\t\t\t<div class=\"elementor-column elementor-col-100 elementor-top-column elementor-element elementor-element-29b2c1a\" data-id=\"29b2c1a\" data-element_type=\"column\" data-e-type=\"column\">\n\t\t\t<div class=\"elementor-widget-wrap elementor-element-populated\">\n\t\t\t\t\t\t<div class=\"elementor-element elementor-element-737f5071 elementor-invisible elementor-widget elementor-widget-text-editor\" data-id=\"737f5071\" data-element_type=\"widget\" data-e-type=\"widget\" data-settings=\"{&quot;_animation&quot;:&quot;nussFadeInUp&quot;}\" data-widget_type=\"text-editor.default\">\n\t\t\t\t<div class=\"elementor-widget-container\">\n\t\t\t\t\t\t\t\t\t<strong>Hotel &amp; Spa Les Violettes<\/strong> verpflichtet sich, daf\u00fcr zu sorgen, dass die Sammlung und Verarbeitung Ihrer Daten, die \u00fcber die Website www.les-violettes.com erfolgt, der Allgemeinen Datenschutzverordnung (DSGVO) und dem franz\u00f6sischen Datenschutzgesetz (Loi Informatique et Libert\u00e9s) entspricht.\t\t\t\t\t\t\t\t<\/div>\n\t\t\t\t<\/div>\n\t\t\t\t<div class=\"elementor-element elementor-element-fe5e556 elementor-widget elementor-widget-heading\" data-id=\"fe5e556\" data-element_type=\"widget\" data-e-type=\"widget\" data-widget_type=\"heading.default\">\n\t\t\t\t<div class=\"elementor-widget-container\">\n\t\t\t\t\t<h2 class=\"elementor-heading-title elementor-size-default\">Sammeln von pers\u00f6nlichen Daten<\/h2>\t\t\t\t<\/div>\n\t\t\t\t<\/div>\n\t\t\t\t<div class=\"elementor-element elementor-element-078ef36 elementor-invisible elementor-widget elementor-widget-text-editor\" data-id=\"078ef36\" data-element_type=\"widget\" data-e-type=\"widget\" data-settings=\"{&quot;_animation&quot;:&quot;nussFadeInUp&quot;}\" data-widget_type=\"text-editor.default\">\n\t\t\t\t<div class=\"elementor-widget-container\">\n\t\t\t\t\t\t\t\t\tJedes Formular beschr\u00e4nkt die Erhebung personenbezogener Daten auf das absolut Notwendige (Datenminimierung).\t\t\t\t\t\t\t\t<\/div>\n\t\t\t\t<\/div>\n\t\t\t\t<div class=\"elementor-element elementor-element-1279b87 elementor-invisible elementor-widget elementor-widget-text-editor\" data-id=\"1279b87\" data-element_type=\"widget\" data-e-type=\"widget\" data-settings=\"{&quot;_animation&quot;:&quot;nussFadeInUp&quot;}\" data-widget_type=\"text-editor.default\">\n\t\t\t\t<div class=\"elementor-widget-container\">\n\t\t\t\t\t\t\t\t\t<ul><li>Die gesammelten Daten werden nur verwendet, um Sie im Rahmen der Gesch\u00e4ftsbeziehung wieder kontaktieren zu k\u00f6nnen.<\/li><li>In den Feldern wird deutlich angegeben, ob die angeforderten Daten f\u00fcr die Bearbeitung Ihrer Anfrage obligatorisch oder optional sind.<\/li><li>L&#8217;h\u00f4tel &amp; Spa Les Violettes ist der einzige, der von diesen Daten Kenntnis erh\u00e4lt, und eine Weitergabe an Dritte ist f\u00fcr die Bearbeitung Ihrer Anfrage nicht erforderlich.<\/li><li>Ihre pers\u00f6nlichen Daten werden in unserer Kundendatei gespeichert. Sie k\u00f6nnen jederzeit ihre L\u00f6schung verlangen.<\/li><\/ul>\t\t\t\t\t\t\t\t<\/div>\n\t\t\t\t<\/div>\n\t\t\t\t<div class=\"elementor-element elementor-element-1d1290b elementor-invisible elementor-widget elementor-widget-text-editor\" data-id=\"1d1290b\" data-element_type=\"widget\" data-e-type=\"widget\" data-settings=\"{&quot;_animation&quot;:&quot;nussFadeInUp&quot;}\" data-widget_type=\"text-editor.default\">\n\t\t\t\t<div class=\"elementor-widget-container\">\n\t\t\t\t\t\t\t\t\tDie pers\u00f6nlichen Daten, die im Rahmen der auf www.les-violettes.com angebotenen Dienste gesammelt werden, werden mit sicheren Protokollen verarbeitet.\t\t\t\t\t\t\t\t<\/div>\n\t\t\t\t<\/div>\n\t\t\t\t<div class=\"elementor-element elementor-element-4201fbf elementor-invisible elementor-widget elementor-widget-text-editor\" data-id=\"4201fbf\" data-element_type=\"widget\" data-e-type=\"widget\" data-settings=\"{&quot;_animation&quot;:&quot;nussFadeInUp&quot;}\" data-widget_type=\"text-editor.default\">\n\t\t\t\t<div class=\"elementor-widget-container\">\n\t\t\t\t\t\t\t\t\tF\u00fcr Informationen oder die Aus\u00fcbung Ihrer Informatik- und Freiheitsrechte in Bezug auf die Verarbeitung personenbezogener Daten k\u00f6nnen Sie uns \u00fcber dieses Formular oder per unterzeichnetem Schreiben mit einer Kopie eines Identit\u00e4tsnachweises an folgende Adresse kontaktieren:\t\t\t\t\t\t\t\t<\/div>\n\t\t\t\t<\/div>\n\t\t\t\t<div class=\"elementor-element elementor-element-0eaeb0d elementor-invisible elementor-widget elementor-widget-text-editor\" data-id=\"0eaeb0d\" data-element_type=\"widget\" data-e-type=\"widget\" data-settings=\"{&quot;_animation&quot;:&quot;nussFadeInUp&quot;}\" data-widget_type=\"text-editor.default\">\n\t\t\t\t<div class=\"elementor-widget-container\">\n\t\t\t\t\t\t\t\t\tZu H\u00e4nden des Gesch\u00e4ftsf\u00fchrers, der f\u00fcr den Datenschutz verantwortlich ist \u2013 Route de Thierenbach, 68500 Jungholtz\t\t\t\t\t\t\t\t<\/div>\n\t\t\t\t<\/div>\n\t\t\t\t<div class=\"elementor-element elementor-element-1b8997a elementor-widget elementor-widget-heading\" data-id=\"1b8997a\" data-element_type=\"widget\" data-e-type=\"widget\" data-widget_type=\"heading.default\">\n\t\t\t\t<div class=\"elementor-widget-container\">\n\t\t\t\t\t<h2 class=\"elementor-heading-title elementor-size-default\">Cookies<\/h2>\t\t\t\t<\/div>\n\t\t\t\t<\/div>\n\t\t\t\t<div class=\"elementor-element elementor-element-e778f68 elementor-invisible elementor-widget elementor-widget-text-editor\" data-id=\"e778f68\" data-element_type=\"widget\" data-e-type=\"widget\" data-settings=\"{&quot;_animation&quot;:&quot;nussFadeInUp&quot;}\" data-widget_type=\"text-editor.default\">\n\t\t\t\t<div class=\"elementor-widget-container\">\n\t\t\t\t\t\t\t\t\t<p>H\u00f4tel &amp; Spa Les Violettes**** nimmt an allen Spezifikationen und Richtlinien des Transparency &amp; Consent Framework des IAB Europe teil und erf\u00fcllt diese. Er verwendet die Consent Management Platform Nr. 92.<\/p><p>Sie k\u00f6nnen Ihre Wahl jederzeit \u00e4ndern, indem Sie unten klicken.<\/p>\t\t\t\t\t\t\t\t<\/div>\n\t\t\t\t<\/div>\n\t\t\t\t<div class=\"elementor-element elementor-element-f00e3cd elementor-widget elementor-widget-button\" data-id=\"f00e3cd\" data-element_type=\"widget\" data-e-type=\"widget\" data-widget_type=\"button.default\">\n\t\t\t\t<div class=\"elementor-widget-container\">\n\t\t\t\t\t\t\t\t\t<div class=\"elementor-button-wrapper\">\n\t\t\t\t\t<a class=\"elementor-button elementor-size-sm\" role=\"button\" id=\"displayUICMPDE\">\n\t\t\t\t\t\t<span class=\"elementor-button-content-wrapper\">\n\t\t\t\t\t\t\t\t\t<span class=\"elementor-button-text\">Cookie-Zustimmung verwalten<\/span>\n\t\t\t\t\t<\/span>\n\t\t\t\t\t<\/a>\n\t\t\t\t<\/div>\n\t\t\t\t\t\t\t\t<\/div>\n\t\t\t\t<\/div>\n\t\t\t\t<div class=\"elementor-element elementor-element-a8c7ed6 elementor-widget elementor-widget-heading\" data-id=\"a8c7ed6\" data-element_type=\"widget\" data-e-type=\"widget\" data-widget_type=\"heading.default\">\n\t\t\t\t<div class=\"elementor-widget-container\">\n\t\t\t\t\t<h2 class=\"elementor-heading-title elementor-size-default\">Antrag auf L\u00f6schung oder \u00c4nderung pers\u00f6nlicher Daten<\/h2>\t\t\t\t<\/div>\n\t\t\t\t<\/div>\n\t\t\t\t<div class=\"elementor-element elementor-element-95f9383 elementor-invisible elementor-widget elementor-widget-text-editor\" data-id=\"95f9383\" data-element_type=\"widget\" data-e-type=\"widget\" data-settings=\"{&quot;_animation&quot;:&quot;nussFadeInUp&quot;}\" data-widget_type=\"text-editor.default\">\n\t\t\t\t<div class=\"elementor-widget-container\">\n\t\t\t\t\t\t\t\t\tGem\u00e4\u00df der europ\u00e4ischen Verordnung RGPD beantrage ich \u00fcber dieses Formular die L\u00f6schung meiner pers\u00f6nlichen Daten aus Ihrem Informationssystem. Ich gebe Ihnen meinen Namen und meine E-Mail-Adresse nur bekannt, damit Sie sie finden und aus Ihrem Informationssystem l\u00f6schen k\u00f6nnen.\t\t\t\t\t\t\t\t<\/div>\n\t\t\t\t<\/div>\n\t\t\t\t<div class=\"elementor-element elementor-element-7210628 nuss-contact-form-style-01 nuss-button-align-stretch elementor-widget elementor-widget-nuss-contact-form-7\" data-id=\"7210628\" data-element_type=\"widget\" data-e-type=\"widget\" data-widget_type=\"nuss-contact-form-7.default\">\n\t\t\t\t<div class=\"elementor-widget-container\">\n\t\t\t\t\t\t\t<div class=\"nuss-contact-form-7\">\r\n\t\t\t\n<div class=\"wpcf7 no-js\" id=\"wpcf7-f38402-o1\" lang=\"fr-FR\" dir=\"ltr\" data-wpcf7-id=\"38402\">\n<div class=\"screen-reader-response\"><p role=\"status\" aria-live=\"polite\" aria-atomic=\"true\"><\/p> <ul><\/ul><\/div>\n<form action=\"\/de\/wp-json\/wp\/v2\/pages\/36843#wpcf7-f38402-o1\" method=\"post\" class=\"wpcf7-form init\" aria-label=\"Formulaire de contact\" novalidate=\"novalidate\" data-status=\"init\">\n<fieldset class=\"hidden-fields-container\"><input type=\"hidden\" name=\"_wpcf7\" value=\"38402\" \/><input type=\"hidden\" name=\"_wpcf7_version\" value=\"6.1.5\" \/><input type=\"hidden\" name=\"_wpcf7_locale\" value=\"fr_FR\" \/><input type=\"hidden\" name=\"_wpcf7_unit_tag\" value=\"wpcf7-f38402-o1\" \/><input type=\"hidden\" name=\"_wpcf7_container_post\" value=\"0\" \/><input type=\"hidden\" name=\"_wpcf7_posted_data_hash\" value=\"\" \/><input type=\"hidden\" name=\"_wpcf7_recaptcha_response\" value=\"\" \/>\n<\/fieldset>\n<p><span class=\"wpcf7-form-control-wrap\" data-name=\"nom\"><input size=\"40\" maxlength=\"400\" class=\"wpcf7-form-control wpcf7-text wpcf7-validates-as-required\" aria-required=\"true\" aria-invalid=\"false\" placeholder=\"Name \/ Vorname *\" value=\"\" type=\"text\" name=\"nom\" \/><\/span><br \/>\n<span class=\"wpcf7-form-control-wrap\" data-name=\"email\"><input size=\"40\" maxlength=\"400\" class=\"wpcf7-form-control wpcf7-email wpcf7-validates-as-required wpcf7-text wpcf7-validates-as-email\" aria-required=\"true\" aria-invalid=\"false\" placeholder=\"E-Mail-Adresse *\" value=\"\" type=\"email\" name=\"email\" \/><\/span><br \/>\n<small>* Pflichtfeld<\/small><br \/>\n<span class=\"wpcf7-form-control-wrap\" data-name=\"acceptance-764\"><span class=\"wpcf7-form-control wpcf7-acceptance\"><span class=\"wpcf7-list-item\"><label><input type=\"checkbox\" name=\"acceptance-764\" value=\"1\" aria-invalid=\"false\" \/><span class=\"wpcf7-list-item-label\">Ich beantrage die L\u00f6schung und Nichtverwendung aller mich betreffenden personenbezogenen Daten in Ihrem Informationssystem.<\/span><\/label><\/span><\/span><\/span><br \/>\n<input class=\"wpcf7-form-control wpcf7-submit has-spinner\" type=\"submit\" value=\"SENDEN\" \/>\n<\/p><div class=\"wpcf7-response-output\" aria-hidden=\"true\"><\/div>\n<\/form>\n<\/div>\n\t\t<\/div>\r\n\t\t\t\t\t\t<\/div>\n\t\t\t\t<\/div>\n\t\t\t\t<div class=\"elementor-element elementor-element-dcbc337 elementor-widget elementor-widget-spacer\" data-id=\"dcbc337\" data-element_type=\"widget\" data-e-type=\"widget\" data-widget_type=\"spacer.default\">\n\t\t\t\t<div class=\"elementor-widget-container\">\n\t\t\t\t\t\t\t<div class=\"elementor-spacer\">\n\t\t\t<div class=\"elementor-spacer-inner\"><\/div>\n\t\t<\/div>\n\t\t\t\t\t\t<\/div>\n\t\t\t\t<\/div>\n\t\t\t\t\t<\/div>\n\t\t<\/div>\n\t\t\t\t\t<\/div>\n\t\t<\/section>\n\t\t\t\t<\/div>\n\t\t","protected":false},"excerpt":{"rendered":"<p>Datenschutzrichtlinie Hotel &amp; Spa Les Violettes verpflichtet sich, daf\u00fcr zu sorgen, dass die Sammlung und Verarbeitung Ihrer Daten, die \u00fcber die Website www.les-violettes.com erfolgt, der Allgemeinen Datenschutzverordnung (DSGVO) und dem franz\u00f6sischen Datenschutzgesetz (Loi Informatique et Libert\u00e9s) entspricht. Sammeln von pers\u00f6nlichen Daten Jedes Formular beschr\u00e4nkt die Erhebung personenbezogener Daten auf das absolut Notwendige (Datenminimierung). Die gesammelten [&hellip;]<\/p>\n","protected":false},"author":1,"featured_media":0,"parent":0,"menu_order":28,"comment_status":"closed","ping_status":"closed","template":"elementor_header_footer","meta":{"footnotes":""},"class_list":["post-36843","page","type-page","status-publish","hentry","post-no-thumbnail"],"yoast_head":"<!-- This site is optimized with the Yoast SEO plugin v27.3 - https:\/\/yoast.com\/product\/yoast-seo-wordpress\/ -->\n<title>Datenschutzrichtlinie | H\u00f4tel &amp; Spa Les Violettes<\/title>\n<meta name=\"description\" content=\"Informieren Sie sich \u00fcber die Datenschutzbestimmungen des Hotel &amp; Spa Les Violettes.\" \/>\n<meta name=\"robots\" content=\"noindex, follow\" \/>\n<meta property=\"og:locale\" content=\"de_DE\" \/>\n<meta property=\"og:type\" content=\"article\" \/>\n<meta property=\"og:title\" content=\"Datenschutzrichtlinie | H\u00f4tel &amp; Spa Les Violettes\" \/>\n<meta property=\"og:description\" content=\"Informieren Sie sich \u00fcber die Datenschutzbestimmungen des Hotel &amp; Spa Les Violettes.\" \/>\n<meta property=\"og:url\" content=\"https:\/\/les-violettes.com\/de\/datenschutzrichtlinie\/\" \/>\n<meta property=\"og:site_name\" content=\"Hot\u00eal &amp; Spa Les Violettes\" \/>\n<meta property=\"article:modified_time\" content=\"2025-05-06T08:42:47+00:00\" \/>\n<meta name=\"twitter:card\" content=\"summary_large_image\" \/>\n<meta name=\"twitter:label1\" content=\"Gesch\u00e4tzte Lesezeit\" \/>\n\t<meta name=\"twitter:data1\" content=\"2\u00a0Minuten\" \/>\n<script type=\"application\/ld+json\" class=\"yoast-schema-graph\">{\"@context\":\"https:\\\/\\\/schema.org\",\"@graph\":[{\"@type\":\"WebPage\",\"@id\":\"https:\\\/\\\/les-violettes.com\\\/de\\\/datenschutzrichtlinie\\\/\",\"url\":\"https:\\\/\\\/les-violettes.com\\\/de\\\/datenschutzrichtlinie\\\/\",\"name\":\"Datenschutzrichtlinie | H\u00f4tel & Spa Les Violettes\",\"isPartOf\":{\"@id\":\"https:\\\/\\\/les-violettes.com\\\/de\\\/#website\"},\"datePublished\":\"2021-12-17T10:56:05+00:00\",\"dateModified\":\"2025-05-06T08:42:47+00:00\",\"description\":\"Informieren Sie sich \u00fcber die Datenschutzbestimmungen des Hotel & Spa Les Violettes.\",\"breadcrumb\":{\"@id\":\"https:\\\/\\\/les-violettes.com\\\/de\\\/datenschutzrichtlinie\\\/#breadcrumb\"},\"inLanguage\":\"de\",\"potentialAction\":[{\"@type\":\"ReadAction\",\"target\":[\"https:\\\/\\\/les-violettes.com\\\/de\\\/datenschutzrichtlinie\\\/\"]}]},{\"@type\":\"BreadcrumbList\",\"@id\":\"https:\\\/\\\/les-violettes.com\\\/de\\\/datenschutzrichtlinie\\\/#breadcrumb\",\"itemListElement\":[{\"@type\":\"ListItem\",\"position\":1,\"name\":\"Accueil\",\"item\":\"https:\\\/\\\/les-violettes.com\\\/de\\\/\"},{\"@type\":\"ListItem\",\"position\":2,\"name\":\"Datenschutzrichtlinie\"}]},{\"@type\":\"WebSite\",\"@id\":\"https:\\\/\\\/les-violettes.com\\\/de\\\/#website\",\"url\":\"https:\\\/\\\/les-violettes.com\\\/de\\\/\",\"name\":\"Hot\u00eal &amp; Spa Les Violettes\",\"description\":\"Votre H\u00f4tel &amp; Spa ****\",\"publisher\":{\"@id\":\"https:\\\/\\\/les-violettes.com\\\/de\\\/#organization\"},\"potentialAction\":[{\"@type\":\"SearchAction\",\"target\":{\"@type\":\"EntryPoint\",\"urlTemplate\":\"https:\\\/\\\/les-violettes.com\\\/de\\\/?s={search_term_string}\"},\"query-input\":{\"@type\":\"PropertyValueSpecification\",\"valueRequired\":true,\"valueName\":\"search_term_string\"}}],\"inLanguage\":\"de\"},{\"@type\":\"Organization\",\"@id\":\"https:\\\/\\\/les-violettes.com\\\/de\\\/#organization\",\"name\":\"H\u00f4tel & Spa Les Violettes\",\"url\":\"https:\\\/\\\/les-violettes.com\\\/de\\\/\",\"logo\":{\"@type\":\"ImageObject\",\"inLanguage\":\"de\",\"@id\":\"https:\\\/\\\/les-violettes.com\\\/de\\\/#\\\/schema\\\/logo\\\/image\\\/\",\"url\":\"http:\\\/\\\/les-violettes.com\\\/wp-content\\\/uploads\\\/2021\\\/10\\\/logo-violettes.png\",\"contentUrl\":\"http:\\\/\\\/les-violettes.com\\\/wp-content\\\/uploads\\\/2021\\\/10\\\/logo-violettes.png\",\"width\":2643,\"height\":540,\"caption\":\"H\u00f4tel & Spa Les Violettes\"},\"image\":{\"@id\":\"https:\\\/\\\/les-violettes.com\\\/de\\\/#\\\/schema\\\/logo\\\/image\\\/\"}}]}<\/script>\n<!-- \/ Yoast SEO plugin. -->","yoast_head_json":{"title":"Datenschutzrichtlinie | H\u00f4tel & Spa Les Violettes","description":"Informieren Sie sich \u00fcber die Datenschutzbestimmungen des Hotel & Spa Les Violettes.","robots":{"index":"noindex","follow":"follow"},"og_locale":"de_DE","og_type":"article","og_title":"Datenschutzrichtlinie | H\u00f4tel & Spa Les Violettes","og_description":"Informieren Sie sich \u00fcber die Datenschutzbestimmungen des Hotel & Spa Les Violettes.","og_url":"https:\/\/les-violettes.com\/de\/datenschutzrichtlinie\/","og_site_name":"Hot\u00eal &amp; Spa Les Violettes","article_modified_time":"2025-05-06T08:42:47+00:00","twitter_card":"summary_large_image","twitter_misc":{"Gesch\u00e4tzte Lesezeit":"2\u00a0Minuten"},"schema":{"@context":"https:\/\/schema.org","@graph":[{"@type":"WebPage","@id":"https:\/\/les-violettes.com\/de\/datenschutzrichtlinie\/","url":"https:\/\/les-violettes.com\/de\/datenschutzrichtlinie\/","name":"Datenschutzrichtlinie | H\u00f4tel & Spa Les Violettes","isPartOf":{"@id":"https:\/\/les-violettes.com\/de\/#website"},"datePublished":"2021-12-17T10:56:05+00:00","dateModified":"2025-05-06T08:42:47+00:00","description":"Informieren Sie sich \u00fcber die Datenschutzbestimmungen des Hotel & Spa Les Violettes.","breadcrumb":{"@id":"https:\/\/les-violettes.com\/de\/datenschutzrichtlinie\/#breadcrumb"},"inLanguage":"de","potentialAction":[{"@type":"ReadAction","target":["https:\/\/les-violettes.com\/de\/datenschutzrichtlinie\/"]}]},{"@type":"BreadcrumbList","@id":"https:\/\/les-violettes.com\/de\/datenschutzrichtlinie\/#breadcrumb","itemListElement":[{"@type":"ListItem","position":1,"name":"Accueil","item":"https:\/\/les-violettes.com\/de\/"},{"@type":"ListItem","position":2,"name":"Datenschutzrichtlinie"}]},{"@type":"WebSite","@id":"https:\/\/les-violettes.com\/de\/#website","url":"https:\/\/les-violettes.com\/de\/","name":"Hot\u00eal &amp; Spa Les Violettes","description":"Votre H\u00f4tel &amp; Spa ****","publisher":{"@id":"https:\/\/les-violettes.com\/de\/#organization"},"potentialAction":[{"@type":"SearchAction","target":{"@type":"EntryPoint","urlTemplate":"https:\/\/les-violettes.com\/de\/?s={search_term_string}"},"query-input":{"@type":"PropertyValueSpecification","valueRequired":true,"valueName":"search_term_string"}}],"inLanguage":"de"},{"@type":"Organization","@id":"https:\/\/les-violettes.com\/de\/#organization","name":"H\u00f4tel & Spa Les Violettes","url":"https:\/\/les-violettes.com\/de\/","logo":{"@type":"ImageObject","inLanguage":"de","@id":"https:\/\/les-violettes.com\/de\/#\/schema\/logo\/image\/","url":"http:\/\/les-violettes.com\/wp-content\/uploads\/2021\/10\/logo-violettes.png","contentUrl":"http:\/\/les-violettes.com\/wp-content\/uploads\/2021\/10\/logo-violettes.png","width":2643,"height":540,"caption":"H\u00f4tel & Spa Les Violettes"},"image":{"@id":"https:\/\/les-violettes.com\/de\/#\/schema\/logo\/image\/"}}]}},"publishpress_future_action":{"enabled":false,"date":"2026-04-18 14:39:52","action":"change-status","newStatus":"draft","terms":[],"taxonomy":"translation_priority","extraData":[]},"publishpress_future_workflow_manual_trigger":{"enabledWorkflows":[]},"_links":{"self":[{"href":"https:\/\/les-violettes.com\/de\/wp-json\/wp\/v2\/pages\/36843","targetHints":{"allow":["GET"]}}],"collection":[{"href":"https:\/\/les-violettes.com\/de\/wp-json\/wp\/v2\/pages"}],"about":[{"href":"https:\/\/les-violettes.com\/de\/wp-json\/wp\/v2\/types\/page"}],"author":[{"embeddable":true,"href":"https:\/\/les-violettes.com\/de\/wp-json\/wp\/v2\/users\/1"}],"replies":[{"embeddable":true,"href":"https:\/\/les-violettes.com\/de\/wp-json\/wp\/v2\/comments?post=36843"}],"version-history":[{"count":0,"href":"https:\/\/les-violettes.com\/de\/wp-json\/wp\/v2\/pages\/36843\/revisions"}],"wp:attachment":[{"href":"https:\/\/les-violettes.com\/de\/wp-json\/wp\/v2\/media?parent=36843"}],"curies":[{"name":"wp","href":"https:\/\/api.w.org\/{rel}","templated":true}]}}