{"id":36849,"date":"2021-12-01T15:47:27","date_gmt":"2021-12-01T14:47:27","guid":{"rendered":"https:\/\/les-violettes.com\/reservation-spa-wellness\/"},"modified":"2025-02-24T14:48:46","modified_gmt":"2025-02-24T13:48:46","slug":"reservierung-spa-wellness","status":"publish","type":"page","link":"https:\/\/les-violettes.com\/de\/reservierung-spa-wellness\/","title":{"rendered":"Buchung spa &#038; wellness"},"content":{"rendered":"\t\t<div data-elementor-type=\"wp-page\" data-elementor-id=\"36849\" class=\"elementor elementor-36849 elementor-31683\" data-elementor-settings=\"{&quot;ha_cmc_init_switcher&quot;:&quot;no&quot;}\" data-elementor-post-type=\"page\">\n\t\t\t\t\t\t<section class=\"elementor-section elementor-top-section elementor-element elementor-element-fb3426c elementor-section-height-min-height elementor-section-boxed elementor-section-gap-beside-yes elementor-section-height-default elementor-section-items-middle elementor-section-column-vertical-align-stretch\" data-id=\"fb3426c\" data-element_type=\"section\" data-e-type=\"section\" data-settings=\"{&quot;background_background&quot;:&quot;classic&quot;,&quot;_ha_eqh_enable&quot;:false}\">\n\t\t\t\t\t\t\t<div class=\"elementor-background-overlay\"><\/div>\n\t\t\t\t\t\t\t<div class=\"elementor-container elementor-column-gap-extended\">\n\t\t\t\t\t<div class=\"elementor-column elementor-col-100 elementor-top-column elementor-element elementor-element-6630d80\" data-id=\"6630d80\" data-element_type=\"column\" data-e-type=\"column\">\n\t\t\t<div class=\"elementor-widget-wrap elementor-element-populated\">\n\t\t\t\t\t\t<div class=\"elementor-element elementor-element-634c9b02 elementor-widget elementor-widget-spacer\" data-id=\"634c9b02\" data-element_type=\"widget\" data-e-type=\"widget\" data-widget_type=\"spacer.default\">\n\t\t\t\t<div class=\"elementor-widget-container\">\n\t\t\t\t\t\t\t<div class=\"elementor-spacer\">\n\t\t\t<div class=\"elementor-spacer-inner\"><\/div>\n\t\t<\/div>\n\t\t\t\t\t\t<\/div>\n\t\t\t\t<\/div>\n\t\t\t\t<div class=\"elementor-element elementor-element-7a1dd860 elementor-widget elementor-widget-heading\" data-id=\"7a1dd860\" data-element_type=\"widget\" data-e-type=\"widget\" data-widget_type=\"heading.default\">\n\t\t\t\t<div class=\"elementor-widget-container\">\n\t\t\t\t\t<h1 class=\"elementor-heading-title elementor-size-default\">Spa im Elsass - Online-Buchung<\/h1>\t\t\t\t<\/div>\n\t\t\t\t<\/div>\n\t\t\t\t\t<\/div>\n\t\t<\/div>\n\t\t\t\t\t<\/div>\n\t\t<\/section>\n\t\t\t\t<section class=\"elementor-section elementor-top-section elementor-element elementor-element-3c5690a elementor-section-full_width elementor-section-gap-beside-yes elementor-section-height-default elementor-section-height-default elementor-section-column-vertical-align-stretch\" data-id=\"3c5690a\" data-element_type=\"section\" data-e-type=\"section\" data-settings=\"{&quot;_ha_eqh_enable&quot;:false}\">\n\t\t\t\t\t\t<div class=\"elementor-container elementor-column-gap-extended\">\n\t\t\t\t\t<div class=\"elementor-column elementor-col-100 elementor-top-column elementor-element elementor-element-b4af5b0\" data-id=\"b4af5b0\" data-element_type=\"column\" data-e-type=\"column\">\n\t\t\t<div class=\"elementor-widget-wrap elementor-element-populated\">\n\t\t\t\t\t\t<div class=\"elementor-element elementor-element-d7b2b4b elementor-invisible elementor-widget elementor-widget-nuss-heading\" data-id=\"d7b2b4b\" data-element_type=\"widget\" data-e-type=\"widget\" data-settings=\"{&quot;_animation&quot;:&quot;nussFadeInUp&quot;}\" data-widget_type=\"nuss-heading.default\">\n\t\t\t\t<div class=\"elementor-widget-container\">\n\t\t\t\t\t\t\t<div class=\"nuss-modern-heading\">\r\n\t\t\t\t\t\t<div class=\"heading-secondary-wrap\">\r\n\t\t\t\t<h3 class=\"heading-secondary elementor-heading-title\">Hotel & Spa Les Violettes ****<\/h3>\t\t\t<\/div>\r\n\t\t\r\n\t\t\t\t\t\t<div class=\"heading-primary-wrap\">\r\n\t\t\t\t<h2 class=\"heading-primary elementor-heading-title\">Buchung Spa<\/h2>\t\t\t<\/div>\r\n\t\t\r\n\t\t\t\r\n\t\t\t\t\t<\/div>\r\n\t\t\t\t\t<\/div>\n\t\t\t\t<\/div>\n\t\t\t\t<div class=\"elementor-element elementor-element-516de73 elementor-invisible elementor-widget elementor-widget-text-editor\" data-id=\"516de73\" data-element_type=\"widget\" data-e-type=\"widget\" data-settings=\"{&quot;_animation&quot;:&quot;nussFadeInUp&quot;}\" data-widget_type=\"text-editor.default\">\n\t\t\t\t<div class=\"elementor-widget-container\">\n\t\t\t\t\t\t\t\t\t<p><em>Keine Reservierungen am Samstag (Zugang nur f\u00fcr Hotelg\u00e4ste)<\/em><\/p>\t\t\t\t\t\t\t\t<\/div>\n\t\t\t\t<\/div>\n\t\t\t\t<div class=\"elementor-element elementor-element-a364476 elementor-widget elementor-widget-spacer\" data-id=\"a364476\" data-element_type=\"widget\" data-e-type=\"widget\" data-widget_type=\"spacer.default\">\n\t\t\t\t<div class=\"elementor-widget-container\">\n\t\t\t\t\t\t\t<div class=\"elementor-spacer\">\n\t\t\t<div class=\"elementor-spacer-inner\"><\/div>\n\t\t<\/div>\n\t\t\t\t\t\t<\/div>\n\t\t\t\t<\/div>\n\t\t\t\t\t<\/div>\n\t\t<\/div>\n\t\t\t\t\t<\/div>\n\t\t<\/section>\n\t\t\t\t<section class=\"elementor-section elementor-top-section elementor-element elementor-element-78a22ca elementor-section-boxed elementor-section-gap-beside-yes elementor-section-height-default elementor-section-height-default elementor-section-column-vertical-align-stretch\" data-id=\"78a22ca\" data-element_type=\"section\" data-e-type=\"section\" data-settings=\"{&quot;_ha_eqh_enable&quot;:false}\">\n\t\t\t\t\t\t<div class=\"elementor-container elementor-column-gap-extended\">\n\t\t\t\t\t<div class=\"elementor-column elementor-col-33 elementor-top-column elementor-element elementor-element-de55990\" data-id=\"de55990\" data-element_type=\"column\" data-e-type=\"column\">\n\t\t\t<div class=\"elementor-widget-wrap\">\n\t\t\t\t\t\t\t<\/div>\n\t\t<\/div>\n\t\t\t\t<div class=\"elementor-column elementor-col-33 elementor-top-column elementor-element elementor-element-3ddc2f4\" data-id=\"3ddc2f4\" data-element_type=\"column\" data-e-type=\"column\">\n\t\t\t<div class=\"elementor-widget-wrap elementor-element-populated\">\n\t\t\t\t\t\t<div class=\"elementor-element elementor-element-9852a41 elementor-widget elementor-widget-heading\" data-id=\"9852a41\" data-element_type=\"widget\" data-e-type=\"widget\" data-widget_type=\"heading.default\">\n\t\t\t\t<div class=\"elementor-widget-container\">\n\t\t\t\t\t<h2 class=\"elementor-heading-title elementor-size-default\">Spa Gourmand <\/h2>\t\t\t\t<\/div>\n\t\t\t\t<\/div>\n\t\t\t\t<div class=\"elementor-element elementor-element-d13be4c elementor-widget elementor-widget-spacer\" data-id=\"d13be4c\" data-element_type=\"widget\" data-e-type=\"widget\" data-widget_type=\"spacer.default\">\n\t\t\t\t<div class=\"elementor-widget-container\">\n\t\t\t\t\t\t\t<div class=\"elementor-spacer\">\n\t\t\t<div class=\"elementor-spacer-inner\"><\/div>\n\t\t<\/div>\n\t\t\t\t\t\t<\/div>\n\t\t\t\t<\/div>\n\t\t\t\t<div class=\"elementor-element elementor-element-51a8f2f elementor-widget elementor-widget-text-editor\" data-id=\"51a8f2f\" data-element_type=\"widget\" data-e-type=\"widget\" data-widget_type=\"text-editor.default\">\n\t\t\t\t<div class=\"elementor-widget-container\">\n\t\t\t\t\t\t\t\t\t<p><span style=\"font-weight: 400;\">\u2022 Zugang zum Spa von 10:00 bis 20:00 Uhr.<br \/><span style=\"color: var( --e-global-color-text ); letter-spacing: inherit;\">\u2022 Tagesmen\u00fc (ohne Getr\u00e4nke, nur mittags serviert)<br \/><\/span><\/span><span style=\"font-weight: 400;\">\u2022 Bereitstellung von Bademantel, Handtuch und Badeschuhen.<br \/><\/span><span style=\"font-weight: 400;\">\u2022 Unbegrenzter Zugang zu unserem 1000 m\u00b2 gro\u00dfen Wellnessbereich (Schwimmbad, Saunen, Hammams, Salzgrotte \u2026)<\/span><\/p>\t\t\t\t\t\t\t\t<\/div>\n\t\t\t\t<\/div>\n\t\t\t\t<div class=\"elementor-element elementor-element-6d6b54b elementor-widget elementor-widget-spacer\" data-id=\"6d6b54b\" data-element_type=\"widget\" data-e-type=\"widget\" data-widget_type=\"spacer.default\">\n\t\t\t\t<div class=\"elementor-widget-container\">\n\t\t\t\t\t\t\t<div class=\"elementor-spacer\">\n\t\t\t<div class=\"elementor-spacer-inner\"><\/div>\n\t\t<\/div>\n\t\t\t\t\t\t<\/div>\n\t\t\t\t<\/div>\n\t\t\t\t\t<\/div>\n\t\t<\/div>\n\t\t\t\t<div class=\"elementor-column elementor-col-33 elementor-top-column elementor-element elementor-element-6a91b84\" data-id=\"6a91b84\" data-element_type=\"column\" data-e-type=\"column\">\n\t\t\t<div class=\"elementor-widget-wrap\">\n\t\t\t\t\t\t\t<\/div>\n\t\t<\/div>\n\t\t\t\t\t<\/div>\n\t\t<\/section>\n\t\t\t\t<section class=\"elementor-section elementor-top-section elementor-element elementor-element-bae39a4 elementor-hidden-desktop elementor-hidden-tablet elementor-hidden-mobile elementor-section-boxed elementor-section-gap-beside-yes elementor-section-height-default elementor-section-height-default elementor-section-column-vertical-align-stretch\" data-id=\"bae39a4\" data-element_type=\"section\" data-e-type=\"section\" data-settings=\"{&quot;_ha_eqh_enable&quot;:false}\">\n\t\t\t\t\t\t<div class=\"elementor-container elementor-column-gap-extended\">\n\t\t\t\t\t<div class=\"elementor-column elementor-col-25 elementor-top-column elementor-element elementor-element-bf5361a\" data-id=\"bf5361a\" data-element_type=\"column\" data-e-type=\"column\">\n\t\t\t<div class=\"elementor-widget-wrap\">\n\t\t\t\t\t\t\t<\/div>\n\t\t<\/div>\n\t\t\t\t<div class=\"elementor-column elementor-col-25 elementor-top-column elementor-element elementor-element-c140978\" data-id=\"c140978\" data-element_type=\"column\" data-e-type=\"column\">\n\t\t\t<div class=\"elementor-widget-wrap elementor-element-populated\">\n\t\t\t\t\t\t<div class=\"elementor-element elementor-element-4201ae7 elementor-widget elementor-widget-heading\" data-id=\"4201ae7\" data-element_type=\"widget\" data-e-type=\"widget\" data-widget_type=\"heading.default\">\n\t\t\t\t<div class=\"elementor-widget-container\">\n\t\t\t\t\t<h2 class=\"elementor-heading-title elementor-size-default\">Journ\u00e9e Spa<\/h2>\t\t\t\t<\/div>\n\t\t\t\t<\/div>\n\t\t\t\t<div class=\"elementor-element elementor-element-814a140 elementor-widget elementor-widget-spacer\" data-id=\"814a140\" data-element_type=\"widget\" data-e-type=\"widget\" data-widget_type=\"spacer.default\">\n\t\t\t\t<div class=\"elementor-widget-container\">\n\t\t\t\t\t\t\t<div class=\"elementor-spacer\">\n\t\t\t<div class=\"elementor-spacer-inner\"><\/div>\n\t\t<\/div>\n\t\t\t\t\t\t<\/div>\n\t\t\t\t<\/div>\n\t\t\t\t<div class=\"elementor-element elementor-element-d9a4ac3 elementor-widget elementor-widget-text-editor\" data-id=\"d9a4ac3\" data-element_type=\"widget\" data-e-type=\"widget\" data-widget_type=\"text-editor.default\">\n\t\t\t\t<div class=\"elementor-widget-container\">\n\t\t\t\t\t\t\t\t\t<p><span style=\"font-weight: 400;\">\u2022 Acc\u00e8s au Spa de 10h00 \u00e0 20h00<br \/><\/span><span style=\"font-weight: 400;\">\u2022 Mise \u00e0 disposition de peignoir, serviette de bain, chaussons de piscine<br \/><\/span><span style=\"font-weight: 400;\">\u2022 Acc\u00e8s illimit\u00e9 \u00e0 notre espace de 1000 m\u00b2 (Piscine, saunas, hammams, grotte \u00e0 sel\u2026)<\/span><\/p>\n\t\t\t\t\t\t\t\t<\/div>\n\t\t\t\t<\/div>\n\t\t\t\t<div class=\"elementor-element elementor-element-7a7cc64 elementor-widget elementor-widget-spacer\" data-id=\"7a7cc64\" data-element_type=\"widget\" data-e-type=\"widget\" data-widget_type=\"spacer.default\">\n\t\t\t\t<div class=\"elementor-widget-container\">\n\t\t\t\t\t\t\t<div class=\"elementor-spacer\">\n\t\t\t<div class=\"elementor-spacer-inner\"><\/div>\n\t\t<\/div>\n\t\t\t\t\t\t<\/div>\n\t\t\t\t<\/div>\n\t\t\t\t\t<\/div>\n\t\t<\/div>\n\t\t\t\t<div class=\"elementor-column elementor-col-25 elementor-top-column elementor-element elementor-element-b56f662\" data-id=\"b56f662\" data-element_type=\"column\" data-e-type=\"column\">\n\t\t\t<div class=\"elementor-widget-wrap elementor-element-populated\">\n\t\t\t\t\t\t<div class=\"elementor-element elementor-element-1894d7a elementor-widget elementor-widget-heading\" data-id=\"1894d7a\" data-element_type=\"widget\" data-e-type=\"widget\" data-widget_type=\"heading.default\">\n\t\t\t\t<div class=\"elementor-widget-container\">\n\t\t\t\t\t<h2 class=\"elementor-heading-title elementor-size-default\">Spa Gourmand <\/h2>\t\t\t\t<\/div>\n\t\t\t\t<\/div>\n\t\t\t\t<div class=\"elementor-element elementor-element-bb676e2 elementor-widget elementor-widget-spacer\" data-id=\"bb676e2\" data-element_type=\"widget\" data-e-type=\"widget\" data-widget_type=\"spacer.default\">\n\t\t\t\t<div class=\"elementor-widget-container\">\n\t\t\t\t\t\t\t<div class=\"elementor-spacer\">\n\t\t\t<div class=\"elementor-spacer-inner\"><\/div>\n\t\t<\/div>\n\t\t\t\t\t\t<\/div>\n\t\t\t\t<\/div>\n\t\t\t\t<div class=\"elementor-element elementor-element-534cc9e elementor-widget elementor-widget-text-editor\" data-id=\"534cc9e\" data-element_type=\"widget\" data-e-type=\"widget\" data-widget_type=\"text-editor.default\">\n\t\t\t\t<div class=\"elementor-widget-container\">\n\t\t\t\t\t\t\t\t\t<p><span style=\"font-weight: 400;\">\u2022 Acc\u00e8s au Spa de 10h00 \u00e0 20h00<br \/><span style=\"color: var( --e-global-color-text ); letter-spacing: inherit;\">\u2022 Menu du jour (hors boissons, servis uniquement le midi)<br \/><\/span><\/span><span style=\"font-weight: 400;\">\u2022Mise \u00e0 disposition de peignoir, serviette de bain, chaussons de piscine<br \/><\/span><span style=\"font-weight: 400;\">\u2022 Acc\u00e8s illimit\u00e9 \u00e0 notre espace de 1000 m\u00b2 (Piscine, saunas, hammams, grotte \u00e0 sel\u2026)<\/span><\/p>\n\t\t\t\t\t\t\t\t<\/div>\n\t\t\t\t<\/div>\n\t\t\t\t<div class=\"elementor-element elementor-element-4f47914 elementor-widget elementor-widget-spacer\" data-id=\"4f47914\" data-element_type=\"widget\" data-e-type=\"widget\" data-widget_type=\"spacer.default\">\n\t\t\t\t<div class=\"elementor-widget-container\">\n\t\t\t\t\t\t\t<div class=\"elementor-spacer\">\n\t\t\t<div class=\"elementor-spacer-inner\"><\/div>\n\t\t<\/div>\n\t\t\t\t\t\t<\/div>\n\t\t\t\t<\/div>\n\t\t\t\t\t<\/div>\n\t\t<\/div>\n\t\t\t\t<div class=\"elementor-column elementor-col-25 elementor-top-column elementor-element elementor-element-f467e9d\" data-id=\"f467e9d\" data-element_type=\"column\" data-e-type=\"column\">\n\t\t\t<div class=\"elementor-widget-wrap\">\n\t\t\t\t\t\t\t<\/div>\n\t\t<\/div>\n\t\t\t\t\t<\/div>\n\t\t<\/section>\n\t\t\t\t<section class=\"elementor-section elementor-top-section elementor-element elementor-element-7a19152 elementor-section-boxed elementor-section-gap-beside-yes elementor-section-height-default elementor-section-height-default elementor-section-column-vertical-align-stretch\" data-id=\"7a19152\" data-element_type=\"section\" data-e-type=\"section\" data-settings=\"{&quot;_ha_eqh_enable&quot;:false}\">\n\t\t\t\t\t\t<div class=\"elementor-container elementor-column-gap-extended\">\n\t\t\t\t\t<div class=\"elementor-column elementor-col-100 elementor-top-column elementor-element elementor-element-893001e\" data-id=\"893001e\" data-element_type=\"column\" data-e-type=\"column\">\n\t\t\t<div class=\"elementor-widget-wrap\">\n\t\t\t\t\t\t\t<\/div>\n\t\t<\/div>\n\t\t\t\t\t<\/div>\n\t\t<\/section>\n\t\t\t\t<\/div>\n\t\t","protected":false},"excerpt":{"rendered":"<p>Spa im Elsass &#8211; Online-Buchung Hotel &#038; Spa Les Violettes **** Buchung Spa [ameliastepbooking] Keine Reservierungen am Samstag (Zugang nur f\u00fcr Hotelg\u00e4ste) Spa Gourmand \u2022 Zugang zum Spa von 10:00 bis 20:00 Uhr.\u2022 Tagesmen\u00fc (ohne Getr\u00e4nke, nur mittags serviert)\u2022 Bereitstellung von Bademantel, Handtuch und Badeschuhen.\u2022 Unbegrenzter Zugang zu unserem 1000 m\u00b2 gro\u00dfen Wellnessbereich (Schwimmbad, Saunen, [&hellip;]<\/p>\n","protected":false},"author":1,"featured_media":33985,"parent":0,"menu_order":24,"comment_status":"closed","ping_status":"closed","template":"elementor_header_footer","meta":{"footnotes":""},"class_list":["post-36849","page","type-page","status-publish","has-post-thumbnail","hentry"],"yoast_head":"<!-- This site is optimized with the Yoast SEO plugin v27.3 - https:\/\/yoast.com\/product\/yoast-seo-wordpress\/ -->\n<title>Reservierung Spa &amp; Wellness | H\u00f4tel &amp; Spa les Violettes im Elsass<\/title>\n<meta name=\"description\" content=\"Reservieren Sie sich einen Moment der Ruhe in unserem Spa- und Wellnessbereich. Massagen, Saunas, Dampfb\u00e4der oder Jaccuzzis.\" \/>\n<meta name=\"robots\" content=\"index, follow, max-snippet:-1, max-image-preview:large, max-video-preview:-1\" \/>\n<link rel=\"canonical\" href=\"https:\/\/les-violettes.com\/de\/reservierung-spa-wellness\/\" \/>\n<meta property=\"og:locale\" content=\"de_DE\" \/>\n<meta property=\"og:type\" content=\"article\" \/>\n<meta property=\"og:title\" content=\"Reservierung Spa &amp; Wellness | H\u00f4tel &amp; Spa les Violettes im Elsass\" \/>\n<meta property=\"og:description\" content=\"Reservieren Sie sich einen Moment der Ruhe in unserem Spa- und Wellnessbereich. Massagen, Saunas, Dampfb\u00e4der oder Jaccuzzis.\" \/>\n<meta property=\"og:url\" content=\"https:\/\/les-violettes.com\/de\/reservierung-spa-wellness\/\" \/>\n<meta property=\"og:site_name\" content=\"Hot\u00eal &amp; Spa Les Violettes\" \/>\n<meta property=\"article:modified_time\" content=\"2025-02-24T13:48:46+00:00\" \/>\n<meta property=\"og:image\" content=\"http:\/\/les-violettes.com\/wp-content\/uploads\/2021\/12\/199205421_6067500316593305_7600995432393368582_n.jpg\" \/>\n\t<meta property=\"og:image:width\" content=\"1973\" \/>\n\t<meta property=\"og:image:height\" content=\"1155\" \/>\n\t<meta property=\"og:image:type\" content=\"image\/jpeg\" \/>\n<meta name=\"twitter:card\" content=\"summary_large_image\" \/>\n<meta name=\"twitter:label1\" content=\"Gesch\u00e4tzte Lesezeit\" \/>\n\t<meta name=\"twitter:data1\" content=\"1\u00a0Minute\" \/>\n<script type=\"application\/ld+json\" class=\"yoast-schema-graph\">{\"@context\":\"https:\\\/\\\/schema.org\",\"@graph\":[{\"@type\":\"WebPage\",\"@id\":\"https:\\\/\\\/les-violettes.com\\\/de\\\/reservierung-spa-wellness\\\/\",\"url\":\"https:\\\/\\\/les-violettes.com\\\/de\\\/reservierung-spa-wellness\\\/\",\"name\":\"Reservierung Spa & Wellness | H\u00f4tel & Spa les Violettes im Elsass\",\"isPartOf\":{\"@id\":\"https:\\\/\\\/les-violettes.com\\\/de\\\/#website\"},\"primaryImageOfPage\":{\"@id\":\"https:\\\/\\\/les-violettes.com\\\/de\\\/reservierung-spa-wellness\\\/#primaryimage\"},\"image\":{\"@id\":\"https:\\\/\\\/les-violettes.com\\\/de\\\/reservierung-spa-wellness\\\/#primaryimage\"},\"thumbnailUrl\":\"https:\\\/\\\/les-violettes.com\\\/wp-content\\\/uploads\\\/2021\\\/12\\\/199205421_6067500316593305_7600995432393368582_n.jpg\",\"datePublished\":\"2021-12-01T14:47:27+00:00\",\"dateModified\":\"2025-02-24T13:48:46+00:00\",\"description\":\"Reservieren Sie sich einen Moment der Ruhe in unserem Spa- und Wellnessbereich. Massagen, Saunas, Dampfb\u00e4der oder Jaccuzzis.\",\"breadcrumb\":{\"@id\":\"https:\\\/\\\/les-violettes.com\\\/de\\\/reservierung-spa-wellness\\\/#breadcrumb\"},\"inLanguage\":\"de\",\"potentialAction\":[{\"@type\":\"ReadAction\",\"target\":[\"https:\\\/\\\/les-violettes.com\\\/de\\\/reservierung-spa-wellness\\\/\"]}]},{\"@type\":\"ImageObject\",\"inLanguage\":\"de\",\"@id\":\"https:\\\/\\\/les-violettes.com\\\/de\\\/reservierung-spa-wellness\\\/#primaryimage\",\"url\":\"https:\\\/\\\/les-violettes.com\\\/wp-content\\\/uploads\\\/2021\\\/12\\\/199205421_6067500316593305_7600995432393368582_n.jpg\",\"contentUrl\":\"https:\\\/\\\/les-violettes.com\\\/wp-content\\\/uploads\\\/2021\\\/12\\\/199205421_6067500316593305_7600995432393368582_n.jpg\",\"width\":1973,\"height\":1155},{\"@type\":\"BreadcrumbList\",\"@id\":\"https:\\\/\\\/les-violettes.com\\\/de\\\/reservierung-spa-wellness\\\/#breadcrumb\",\"itemListElement\":[{\"@type\":\"ListItem\",\"position\":1,\"name\":\"Accueil\",\"item\":\"https:\\\/\\\/les-violettes.com\\\/de\\\/\"},{\"@type\":\"ListItem\",\"position\":2,\"name\":\"Buchung spa &#038; wellness\"}]},{\"@type\":\"WebSite\",\"@id\":\"https:\\\/\\\/les-violettes.com\\\/de\\\/#website\",\"url\":\"https:\\\/\\\/les-violettes.com\\\/de\\\/\",\"name\":\"Hot\u00eal &amp; Spa Les Violettes\",\"description\":\"Votre H\u00f4tel &amp; Spa ****\",\"publisher\":{\"@id\":\"https:\\\/\\\/les-violettes.com\\\/de\\\/#organization\"},\"potentialAction\":[{\"@type\":\"SearchAction\",\"target\":{\"@type\":\"EntryPoint\",\"urlTemplate\":\"https:\\\/\\\/les-violettes.com\\\/de\\\/?s={search_term_string}\"},\"query-input\":{\"@type\":\"PropertyValueSpecification\",\"valueRequired\":true,\"valueName\":\"search_term_string\"}}],\"inLanguage\":\"de\"},{\"@type\":\"Organization\",\"@id\":\"https:\\\/\\\/les-violettes.com\\\/de\\\/#organization\",\"name\":\"H\u00f4tel & Spa Les Violettes\",\"url\":\"https:\\\/\\\/les-violettes.com\\\/de\\\/\",\"logo\":{\"@type\":\"ImageObject\",\"inLanguage\":\"de\",\"@id\":\"https:\\\/\\\/les-violettes.com\\\/de\\\/#\\\/schema\\\/logo\\\/image\\\/\",\"url\":\"http:\\\/\\\/les-violettes.com\\\/wp-content\\\/uploads\\\/2021\\\/10\\\/logo-violettes.png\",\"contentUrl\":\"http:\\\/\\\/les-violettes.com\\\/wp-content\\\/uploads\\\/2021\\\/10\\\/logo-violettes.png\",\"width\":2643,\"height\":540,\"caption\":\"H\u00f4tel & Spa Les Violettes\"},\"image\":{\"@id\":\"https:\\\/\\\/les-violettes.com\\\/de\\\/#\\\/schema\\\/logo\\\/image\\\/\"}}]}<\/script>\n<!-- \/ Yoast SEO plugin. -->","yoast_head_json":{"title":"Reservierung Spa & Wellness | H\u00f4tel & Spa les Violettes im Elsass","description":"Reservieren Sie sich einen Moment der Ruhe in unserem Spa- und Wellnessbereich. Massagen, Saunas, Dampfb\u00e4der oder Jaccuzzis.","robots":{"index":"index","follow":"follow","max-snippet":"max-snippet:-1","max-image-preview":"max-image-preview:large","max-video-preview":"max-video-preview:-1"},"canonical":"https:\/\/les-violettes.com\/de\/reservierung-spa-wellness\/","og_locale":"de_DE","og_type":"article","og_title":"Reservierung Spa & Wellness | H\u00f4tel & Spa les Violettes im Elsass","og_description":"Reservieren Sie sich einen Moment der Ruhe in unserem Spa- und Wellnessbereich. Massagen, Saunas, Dampfb\u00e4der oder Jaccuzzis.","og_url":"https:\/\/les-violettes.com\/de\/reservierung-spa-wellness\/","og_site_name":"Hot\u00eal &amp; Spa Les Violettes","article_modified_time":"2025-02-24T13:48:46+00:00","og_image":[{"width":1973,"height":1155,"url":"http:\/\/les-violettes.com\/wp-content\/uploads\/2021\/12\/199205421_6067500316593305_7600995432393368582_n.jpg","type":"image\/jpeg"}],"twitter_card":"summary_large_image","twitter_misc":{"Gesch\u00e4tzte Lesezeit":"1\u00a0Minute"},"schema":{"@context":"https:\/\/schema.org","@graph":[{"@type":"WebPage","@id":"https:\/\/les-violettes.com\/de\/reservierung-spa-wellness\/","url":"https:\/\/les-violettes.com\/de\/reservierung-spa-wellness\/","name":"Reservierung Spa & Wellness | H\u00f4tel & Spa les Violettes im Elsass","isPartOf":{"@id":"https:\/\/les-violettes.com\/de\/#website"},"primaryImageOfPage":{"@id":"https:\/\/les-violettes.com\/de\/reservierung-spa-wellness\/#primaryimage"},"image":{"@id":"https:\/\/les-violettes.com\/de\/reservierung-spa-wellness\/#primaryimage"},"thumbnailUrl":"https:\/\/les-violettes.com\/wp-content\/uploads\/2021\/12\/199205421_6067500316593305_7600995432393368582_n.jpg","datePublished":"2021-12-01T14:47:27+00:00","dateModified":"2025-02-24T13:48:46+00:00","description":"Reservieren Sie sich einen Moment der Ruhe in unserem Spa- und Wellnessbereich. Massagen, Saunas, Dampfb\u00e4der oder Jaccuzzis.","breadcrumb":{"@id":"https:\/\/les-violettes.com\/de\/reservierung-spa-wellness\/#breadcrumb"},"inLanguage":"de","potentialAction":[{"@type":"ReadAction","target":["https:\/\/les-violettes.com\/de\/reservierung-spa-wellness\/"]}]},{"@type":"ImageObject","inLanguage":"de","@id":"https:\/\/les-violettes.com\/de\/reservierung-spa-wellness\/#primaryimage","url":"https:\/\/les-violettes.com\/wp-content\/uploads\/2021\/12\/199205421_6067500316593305_7600995432393368582_n.jpg","contentUrl":"https:\/\/les-violettes.com\/wp-content\/uploads\/2021\/12\/199205421_6067500316593305_7600995432393368582_n.jpg","width":1973,"height":1155},{"@type":"BreadcrumbList","@id":"https:\/\/les-violettes.com\/de\/reservierung-spa-wellness\/#breadcrumb","itemListElement":[{"@type":"ListItem","position":1,"name":"Accueil","item":"https:\/\/les-violettes.com\/de\/"},{"@type":"ListItem","position":2,"name":"Buchung spa &#038; wellness"}]},{"@type":"WebSite","@id":"https:\/\/les-violettes.com\/de\/#website","url":"https:\/\/les-violettes.com\/de\/","name":"Hot\u00eal &amp; Spa Les Violettes","description":"Votre H\u00f4tel &amp; Spa ****","publisher":{"@id":"https:\/\/les-violettes.com\/de\/#organization"},"potentialAction":[{"@type":"SearchAction","target":{"@type":"EntryPoint","urlTemplate":"https:\/\/les-violettes.com\/de\/?s={search_term_string}"},"query-input":{"@type":"PropertyValueSpecification","valueRequired":true,"valueName":"search_term_string"}}],"inLanguage":"de"},{"@type":"Organization","@id":"https:\/\/les-violettes.com\/de\/#organization","name":"H\u00f4tel & Spa Les Violettes","url":"https:\/\/les-violettes.com\/de\/","logo":{"@type":"ImageObject","inLanguage":"de","@id":"https:\/\/les-violettes.com\/de\/#\/schema\/logo\/image\/","url":"http:\/\/les-violettes.com\/wp-content\/uploads\/2021\/10\/logo-violettes.png","contentUrl":"http:\/\/les-violettes.com\/wp-content\/uploads\/2021\/10\/logo-violettes.png","width":2643,"height":540,"caption":"H\u00f4tel & Spa Les Violettes"},"image":{"@id":"https:\/\/les-violettes.com\/de\/#\/schema\/logo\/image\/"}}]}},"publishpress_future_action":{"enabled":false,"date":"2026-05-05 13:22:47","action":"change-status","newStatus":"draft","terms":[],"taxonomy":"translation_priority","extraData":[]},"publishpress_future_workflow_manual_trigger":{"enabledWorkflows":[]},"_links":{"self":[{"href":"https:\/\/les-violettes.com\/de\/wp-json\/wp\/v2\/pages\/36849","targetHints":{"allow":["GET"]}}],"collection":[{"href":"https:\/\/les-violettes.com\/de\/wp-json\/wp\/v2\/pages"}],"about":[{"href":"https:\/\/les-violettes.com\/de\/wp-json\/wp\/v2\/types\/page"}],"author":[{"embeddable":true,"href":"https:\/\/les-violettes.com\/de\/wp-json\/wp\/v2\/users\/1"}],"replies":[{"embeddable":true,"href":"https:\/\/les-violettes.com\/de\/wp-json\/wp\/v2\/comments?post=36849"}],"version-history":[{"count":0,"href":"https:\/\/les-violettes.com\/de\/wp-json\/wp\/v2\/pages\/36849\/revisions"}],"wp:featuredmedia":[{"embeddable":true,"href":"https:\/\/les-violettes.com\/de\/wp-json\/wp\/v2\/media\/33985"}],"wp:attachment":[{"href":"https:\/\/les-violettes.com\/de\/wp-json\/wp\/v2\/media?parent=36849"}],"curies":[{"name":"wp","href":"https:\/\/api.w.org\/{rel}","templated":true}]}}