{"id":39104,"date":"2022-12-20T15:40:31","date_gmt":"2022-12-20T14:40:31","guid":{"rendered":"https:\/\/les-violettes.com\/merci\/"},"modified":"2025-02-24T14:46:49","modified_gmt":"2025-02-24T13:46:49","slug":"merci","status":"publish","type":"page","link":"https:\/\/les-violettes.com\/de\/merci\/","title":{"rendered":"Merci"},"content":{"rendered":"\t\t<div data-elementor-type=\"wp-page\" data-elementor-id=\"39104\" class=\"elementor elementor-39104 elementor-39093\" data-elementor-settings=\"{&quot;ha_cmc_init_switcher&quot;:&quot;no&quot;}\" data-elementor-post-type=\"page\">\n\t\t\t\t\t\t<section class=\"elementor-section elementor-top-section elementor-element elementor-element-f88fc24 elementor-section-height-min-height elementor-section-boxed elementor-section-gap-beside-yes elementor-section-height-default elementor-section-items-middle elementor-section-column-vertical-align-stretch\" data-id=\"f88fc24\" data-element_type=\"section\" data-e-type=\"section\" data-settings=\"{&quot;background_background&quot;:&quot;classic&quot;,&quot;_ha_eqh_enable&quot;:false}\">\n\t\t\t\t\t\t\t<div class=\"elementor-background-overlay\"><\/div>\n\t\t\t\t\t\t\t<div class=\"elementor-container elementor-column-gap-extended\">\n\t\t\t\t\t<div class=\"elementor-column elementor-col-100 elementor-top-column elementor-element elementor-element-3f30c524\" data-id=\"3f30c524\" data-element_type=\"column\" data-e-type=\"column\">\n\t\t\t<div class=\"elementor-widget-wrap elementor-element-populated\">\n\t\t\t\t\t\t<div class=\"elementor-element elementor-element-3ccaee4c elementor-widget elementor-widget-spacer\" data-id=\"3ccaee4c\" data-element_type=\"widget\" data-e-type=\"widget\" data-widget_type=\"spacer.default\">\n\t\t\t\t<div class=\"elementor-widget-container\">\n\t\t\t\t\t\t\t<div class=\"elementor-spacer\">\n\t\t\t<div class=\"elementor-spacer-inner\"><\/div>\n\t\t<\/div>\n\t\t\t\t\t\t<\/div>\n\t\t\t\t<\/div>\n\t\t\t\t<div class=\"elementor-element elementor-element-43ec3db4 elementor-widget elementor-widget-heading\" data-id=\"43ec3db4\" data-element_type=\"widget\" data-e-type=\"widget\" data-widget_type=\"heading.default\">\n\t\t\t\t<div class=\"elementor-widget-container\">\n\t\t\t\t\t<h1 class=\"elementor-heading-title elementor-size-default\">Herzlichen Gl\u00fcckwunsch!<\/h1>\t\t\t\t<\/div>\n\t\t\t\t<\/div>\n\t\t\t\t\t<\/div>\n\t\t<\/div>\n\t\t\t\t\t<\/div>\n\t\t<\/section>\n\t\t\t\t<section class=\"elementor-section elementor-top-section elementor-element elementor-element-ca3097b elementor-section-boxed elementor-section-gap-beside-yes elementor-section-height-default elementor-section-height-default elementor-section-column-vertical-align-stretch\" data-id=\"ca3097b\" data-element_type=\"section\" data-e-type=\"section\" data-settings=\"{&quot;_ha_eqh_enable&quot;:false}\">\n\t\t\t\t\t\t<div class=\"elementor-container elementor-column-gap-extended\">\n\t\t\t\t\t<div class=\"elementor-column elementor-col-100 elementor-top-column elementor-element elementor-element-2bda128\" data-id=\"2bda128\" data-element_type=\"column\" data-e-type=\"column\">\n\t\t\t<div class=\"elementor-widget-wrap elementor-element-populated\">\n\t\t\t\t\t\t<div class=\"elementor-element elementor-element-42d30c8 elementor-widget elementor-widget-text-editor\" data-id=\"42d30c8\" data-element_type=\"widget\" data-e-type=\"widget\" data-widget_type=\"text-editor.default\">\n\t\t\t\t<div class=\"elementor-widget-container\">\n\t\t\t\t\t\t\t\t\t<p>Ihre Anfrage f\u00fcr eine Reservierung in unserem Spa-Bereich wurde ber\u00fccksichtigt.<\/p><p>Diese Anfrage befindet sich derzeit in der Warteschleife. Sie werden in K\u00fcrze eine Best\u00e4tigung dieser Reservierung per E-Mail und\/oder Telefon erhalten.<\/p><p>Unser Team steht Ihnen f\u00fcr weitere Anfragen zur Verf\u00fcgung.<\/p>\t\t\t\t\t\t\t\t<\/div>\n\t\t\t\t<\/div>\n\t\t\t\t<div class=\"elementor-element elementor-element-dcbc337 elementor-widget elementor-widget-spacer\" data-id=\"dcbc337\" data-element_type=\"widget\" data-e-type=\"widget\" data-widget_type=\"spacer.default\">\n\t\t\t\t<div class=\"elementor-widget-container\">\n\t\t\t\t\t\t\t<div class=\"elementor-spacer\">\n\t\t\t<div class=\"elementor-spacer-inner\"><\/div>\n\t\t<\/div>\n\t\t\t\t\t\t<\/div>\n\t\t\t\t<\/div>\n\t\t\t\t<div class=\"elementor-element elementor-element-72368c1 elementor-align-center elementor-widget elementor-widget-button\" data-id=\"72368c1\" data-element_type=\"widget\" data-e-type=\"widget\" data-widget_type=\"button.default\">\n\t\t\t\t<div class=\"elementor-widget-container\">\n\t\t\t\t\t\t\t\t\t<div class=\"elementor-button-wrapper\">\n\t\t\t\t\t<a class=\"elementor-button elementor-button-link elementor-size-md\" href=\"https:\/\/les-violettes.com\/de\/kontakt\/\">\n\t\t\t\t\t\t<span class=\"elementor-button-content-wrapper\">\n\t\t\t\t\t\t\t\t\t<span class=\"elementor-button-text\">Kontaktieren Sie uns<\/span>\n\t\t\t\t\t<\/span>\n\t\t\t\t\t<\/a>\n\t\t\t\t<\/div>\n\t\t\t\t\t\t\t\t<\/div>\n\t\t\t\t<\/div>\n\t\t\t\t<div class=\"elementor-element elementor-element-fe077f6 elementor-widget elementor-widget-spacer\" data-id=\"fe077f6\" data-element_type=\"widget\" data-e-type=\"widget\" data-widget_type=\"spacer.default\">\n\t\t\t\t<div class=\"elementor-widget-container\">\n\t\t\t\t\t\t\t<div class=\"elementor-spacer\">\n\t\t\t<div class=\"elementor-spacer-inner\"><\/div>\n\t\t<\/div>\n\t\t\t\t\t\t<\/div>\n\t\t\t\t<\/div>\n\t\t\t\t\t<\/div>\n\t\t<\/div>\n\t\t\t\t\t<\/div>\n\t\t<\/section>\n\t\t\t\t<\/div>\n\t\t","protected":false},"excerpt":{"rendered":"<p>Herzlichen Gl\u00fcckwunsch! Ihre Anfrage f\u00fcr eine Reservierung in unserem Spa-Bereich wurde ber\u00fccksichtigt. Diese Anfrage befindet sich derzeit in der Warteschleife. Sie werden in K\u00fcrze eine Best\u00e4tigung dieser Reservierung per E-Mail und\/oder Telefon erhalten. Unser Team steht Ihnen f\u00fcr weitere Anfragen zur Verf\u00fcgung. Kontaktieren Sie uns<\/p>\n","protected":false},"author":1,"featured_media":0,"parent":0,"menu_order":32,"comment_status":"closed","ping_status":"closed","template":"elementor_header_footer","meta":{"footnotes":""},"class_list":["post-39104","page","type-page","status-publish","hentry","post-no-thumbnail"],"yoast_head":"<!-- This site is optimized with the Yoast SEO plugin v27.3 - https:\/\/yoast.com\/product\/yoast-seo-wordpress\/ -->\n<title>Danke f\u00fcr Ihre Buchung | H\u00f4tel &amp; Spa les Violettes<\/title>\n<meta name=\"description\" content=\"Das gesamte Team von Les Violettes dankt Ihnen und freut sich, Sie zu einem einzigartigen Moment der Entspannung und des Wohlbefindens begr\u00fc\u00dfen zu d\u00fcrfen!\" \/>\n<meta name=\"robots\" content=\"noindex, follow\" \/>\n<meta property=\"og:locale\" content=\"de_DE\" \/>\n<meta property=\"og:type\" content=\"article\" \/>\n<meta property=\"og:title\" content=\"Danke f\u00fcr Ihre Buchung | H\u00f4tel &amp; Spa les Violettes\" \/>\n<meta property=\"og:description\" content=\"Das gesamte Team von Les Violettes dankt Ihnen und freut sich, Sie zu einem einzigartigen Moment der Entspannung und des Wohlbefindens begr\u00fc\u00dfen zu d\u00fcrfen!\" \/>\n<meta property=\"og:url\" content=\"https:\/\/les-violettes.com\/de\/merci\/\" \/>\n<meta property=\"og:site_name\" content=\"Hot\u00eal &amp; Spa Les Violettes\" \/>\n<meta property=\"article:modified_time\" content=\"2025-02-24T13:46:49+00:00\" \/>\n<meta name=\"twitter:card\" content=\"summary_large_image\" \/>\n<meta name=\"twitter:label1\" content=\"Gesch\u00e4tzte Lesezeit\" \/>\n\t<meta name=\"twitter:data1\" content=\"1\u00a0Minute\" \/>\n<script type=\"application\/ld+json\" class=\"yoast-schema-graph\">{\"@context\":\"https:\\\/\\\/schema.org\",\"@graph\":[{\"@type\":\"WebPage\",\"@id\":\"https:\\\/\\\/les-violettes.com\\\/de\\\/merci\\\/\",\"url\":\"https:\\\/\\\/les-violettes.com\\\/de\\\/merci\\\/\",\"name\":\"Danke f\u00fcr Ihre Buchung | H\u00f4tel & Spa les Violettes\",\"isPartOf\":{\"@id\":\"https:\\\/\\\/les-violettes.com\\\/de\\\/#website\"},\"datePublished\":\"2022-12-20T14:40:31+00:00\",\"dateModified\":\"2025-02-24T13:46:49+00:00\",\"description\":\"Das gesamte Team von Les Violettes dankt Ihnen und freut sich, Sie zu einem einzigartigen Moment der Entspannung und des Wohlbefindens begr\u00fc\u00dfen zu d\u00fcrfen!\",\"breadcrumb\":{\"@id\":\"https:\\\/\\\/les-violettes.com\\\/de\\\/merci\\\/#breadcrumb\"},\"inLanguage\":\"de\",\"potentialAction\":[{\"@type\":\"ReadAction\",\"target\":[\"https:\\\/\\\/les-violettes.com\\\/de\\\/merci\\\/\"]}]},{\"@type\":\"BreadcrumbList\",\"@id\":\"https:\\\/\\\/les-violettes.com\\\/de\\\/merci\\\/#breadcrumb\",\"itemListElement\":[{\"@type\":\"ListItem\",\"position\":1,\"name\":\"Accueil\",\"item\":\"https:\\\/\\\/les-violettes.com\\\/de\\\/\"},{\"@type\":\"ListItem\",\"position\":2,\"name\":\"Merci\"}]},{\"@type\":\"WebSite\",\"@id\":\"https:\\\/\\\/les-violettes.com\\\/de\\\/#website\",\"url\":\"https:\\\/\\\/les-violettes.com\\\/de\\\/\",\"name\":\"Hot\u00eal &amp; Spa Les Violettes\",\"description\":\"Votre H\u00f4tel &amp; Spa ****\",\"publisher\":{\"@id\":\"https:\\\/\\\/les-violettes.com\\\/de\\\/#organization\"},\"potentialAction\":[{\"@type\":\"SearchAction\",\"target\":{\"@type\":\"EntryPoint\",\"urlTemplate\":\"https:\\\/\\\/les-violettes.com\\\/de\\\/?s={search_term_string}\"},\"query-input\":{\"@type\":\"PropertyValueSpecification\",\"valueRequired\":true,\"valueName\":\"search_term_string\"}}],\"inLanguage\":\"de\"},{\"@type\":\"Organization\",\"@id\":\"https:\\\/\\\/les-violettes.com\\\/de\\\/#organization\",\"name\":\"H\u00f4tel & Spa Les Violettes\",\"url\":\"https:\\\/\\\/les-violettes.com\\\/de\\\/\",\"logo\":{\"@type\":\"ImageObject\",\"inLanguage\":\"de\",\"@id\":\"https:\\\/\\\/les-violettes.com\\\/de\\\/#\\\/schema\\\/logo\\\/image\\\/\",\"url\":\"http:\\\/\\\/les-violettes.com\\\/wp-content\\\/uploads\\\/2021\\\/10\\\/logo-violettes.png\",\"contentUrl\":\"http:\\\/\\\/les-violettes.com\\\/wp-content\\\/uploads\\\/2021\\\/10\\\/logo-violettes.png\",\"width\":2643,\"height\":540,\"caption\":\"H\u00f4tel & Spa Les Violettes\"},\"image\":{\"@id\":\"https:\\\/\\\/les-violettes.com\\\/de\\\/#\\\/schema\\\/logo\\\/image\\\/\"}}]}<\/script>\n<!-- \/ Yoast SEO plugin. -->","yoast_head_json":{"title":"Danke f\u00fcr Ihre Buchung | H\u00f4tel & Spa les Violettes","description":"Das gesamte Team von Les Violettes dankt Ihnen und freut sich, Sie zu einem einzigartigen Moment der Entspannung und des Wohlbefindens begr\u00fc\u00dfen zu d\u00fcrfen!","robots":{"index":"noindex","follow":"follow"},"og_locale":"de_DE","og_type":"article","og_title":"Danke f\u00fcr Ihre Buchung | H\u00f4tel & Spa les Violettes","og_description":"Das gesamte Team von Les Violettes dankt Ihnen und freut sich, Sie zu einem einzigartigen Moment der Entspannung und des Wohlbefindens begr\u00fc\u00dfen zu d\u00fcrfen!","og_url":"https:\/\/les-violettes.com\/de\/merci\/","og_site_name":"Hot\u00eal &amp; Spa Les Violettes","article_modified_time":"2025-02-24T13:46:49+00:00","twitter_card":"summary_large_image","twitter_misc":{"Gesch\u00e4tzte Lesezeit":"1\u00a0Minute"},"schema":{"@context":"https:\/\/schema.org","@graph":[{"@type":"WebPage","@id":"https:\/\/les-violettes.com\/de\/merci\/","url":"https:\/\/les-violettes.com\/de\/merci\/","name":"Danke f\u00fcr Ihre Buchung | H\u00f4tel & Spa les Violettes","isPartOf":{"@id":"https:\/\/les-violettes.com\/de\/#website"},"datePublished":"2022-12-20T14:40:31+00:00","dateModified":"2025-02-24T13:46:49+00:00","description":"Das gesamte Team von Les Violettes dankt Ihnen und freut sich, Sie zu einem einzigartigen Moment der Entspannung und des Wohlbefindens begr\u00fc\u00dfen zu d\u00fcrfen!","breadcrumb":{"@id":"https:\/\/les-violettes.com\/de\/merci\/#breadcrumb"},"inLanguage":"de","potentialAction":[{"@type":"ReadAction","target":["https:\/\/les-violettes.com\/de\/merci\/"]}]},{"@type":"BreadcrumbList","@id":"https:\/\/les-violettes.com\/de\/merci\/#breadcrumb","itemListElement":[{"@type":"ListItem","position":1,"name":"Accueil","item":"https:\/\/les-violettes.com\/de\/"},{"@type":"ListItem","position":2,"name":"Merci"}]},{"@type":"WebSite","@id":"https:\/\/les-violettes.com\/de\/#website","url":"https:\/\/les-violettes.com\/de\/","name":"Hot\u00eal &amp; Spa Les Violettes","description":"Votre H\u00f4tel &amp; Spa ****","publisher":{"@id":"https:\/\/les-violettes.com\/de\/#organization"},"potentialAction":[{"@type":"SearchAction","target":{"@type":"EntryPoint","urlTemplate":"https:\/\/les-violettes.com\/de\/?s={search_term_string}"},"query-input":{"@type":"PropertyValueSpecification","valueRequired":true,"valueName":"search_term_string"}}],"inLanguage":"de"},{"@type":"Organization","@id":"https:\/\/les-violettes.com\/de\/#organization","name":"H\u00f4tel & Spa Les Violettes","url":"https:\/\/les-violettes.com\/de\/","logo":{"@type":"ImageObject","inLanguage":"de","@id":"https:\/\/les-violettes.com\/de\/#\/schema\/logo\/image\/","url":"http:\/\/les-violettes.com\/wp-content\/uploads\/2021\/10\/logo-violettes.png","contentUrl":"http:\/\/les-violettes.com\/wp-content\/uploads\/2021\/10\/logo-violettes.png","width":2643,"height":540,"caption":"H\u00f4tel & Spa Les Violettes"},"image":{"@id":"https:\/\/les-violettes.com\/de\/#\/schema\/logo\/image\/"}}]}},"publishpress_future_action":{"enabled":false,"date":"2026-04-17 02:37:30","action":"change-status","newStatus":"draft","terms":[],"taxonomy":"translation_priority","extraData":[]},"publishpress_future_workflow_manual_trigger":{"enabledWorkflows":[]},"_links":{"self":[{"href":"https:\/\/les-violettes.com\/de\/wp-json\/wp\/v2\/pages\/39104","targetHints":{"allow":["GET"]}}],"collection":[{"href":"https:\/\/les-violettes.com\/de\/wp-json\/wp\/v2\/pages"}],"about":[{"href":"https:\/\/les-violettes.com\/de\/wp-json\/wp\/v2\/types\/page"}],"author":[{"embeddable":true,"href":"https:\/\/les-violettes.com\/de\/wp-json\/wp\/v2\/users\/1"}],"replies":[{"embeddable":true,"href":"https:\/\/les-violettes.com\/de\/wp-json\/wp\/v2\/comments?post=39104"}],"version-history":[{"count":0,"href":"https:\/\/les-violettes.com\/de\/wp-json\/wp\/v2\/pages\/39104\/revisions"}],"wp:attachment":[{"href":"https:\/\/les-violettes.com\/de\/wp-json\/wp\/v2\/media?parent=39104"}],"curies":[{"name":"wp","href":"https:\/\/api.w.org\/{rel}","templated":true}]}}