{"id":36848,"date":"2021-12-01T15:47:27","date_gmt":"2021-12-01T14:47:27","guid":{"rendered":"https:\/\/les-violettes.com\/reservation-spa-wellness\/"},"modified":"2025-02-24T14:30:37","modified_gmt":"2025-02-24T13:30:37","slug":"reservation-spa-wellness","status":"publish","type":"page","link":"https:\/\/les-violettes.com\/en\/reservation-spa-wellness\/","title":{"rendered":"Spa &#038; Wellness booking"},"content":{"rendered":"\t\t<div data-elementor-type=\"wp-page\" data-elementor-id=\"36848\" class=\"elementor elementor-36848 elementor-31683\" data-elementor-settings=\"{&quot;ha_cmc_init_switcher&quot;:&quot;no&quot;}\" data-elementor-post-type=\"page\">\n\t\t\t\t\t\t<section class=\"elementor-section elementor-top-section elementor-element elementor-element-fb3426c elementor-section-height-min-height elementor-section-boxed elementor-section-gap-beside-yes elementor-section-height-default elementor-section-items-middle elementor-section-column-vertical-align-stretch\" data-id=\"fb3426c\" data-element_type=\"section\" data-e-type=\"section\" data-settings=\"{&quot;background_background&quot;:&quot;classic&quot;,&quot;_ha_eqh_enable&quot;:false}\">\n\t\t\t\t\t\t\t<div class=\"elementor-background-overlay\"><\/div>\n\t\t\t\t\t\t\t<div class=\"elementor-container elementor-column-gap-extended\">\n\t\t\t\t\t<div class=\"elementor-column elementor-col-100 elementor-top-column elementor-element elementor-element-6630d80\" data-id=\"6630d80\" data-element_type=\"column\" data-e-type=\"column\">\n\t\t\t<div class=\"elementor-widget-wrap elementor-element-populated\">\n\t\t\t\t\t\t<div class=\"elementor-element elementor-element-634c9b02 elementor-widget elementor-widget-spacer\" data-id=\"634c9b02\" data-element_type=\"widget\" data-e-type=\"widget\" data-widget_type=\"spacer.default\">\n\t\t\t\t<div class=\"elementor-widget-container\">\n\t\t\t\t\t\t\t<div class=\"elementor-spacer\">\n\t\t\t<div class=\"elementor-spacer-inner\"><\/div>\n\t\t<\/div>\n\t\t\t\t\t\t<\/div>\n\t\t\t\t<\/div>\n\t\t\t\t<div class=\"elementor-element elementor-element-7a1dd860 elementor-widget elementor-widget-heading\" data-id=\"7a1dd860\" data-element_type=\"widget\" data-e-type=\"widget\" data-widget_type=\"heading.default\">\n\t\t\t\t<div class=\"elementor-widget-container\">\n\t\t\t\t\t<h1 class=\"elementor-heading-title elementor-size-default\">Spa Alsace - Online booking<\/h1>\t\t\t\t<\/div>\n\t\t\t\t<\/div>\n\t\t\t\t\t<\/div>\n\t\t<\/div>\n\t\t\t\t\t<\/div>\n\t\t<\/section>\n\t\t\t\t<section class=\"elementor-section elementor-top-section elementor-element elementor-element-7166bbc elementor-section-full_width elementor-section-gap-beside-yes elementor-section-height-default elementor-section-height-default elementor-section-column-vertical-align-stretch\" data-id=\"7166bbc\" data-element_type=\"section\" data-e-type=\"section\" data-settings=\"{&quot;_ha_eqh_enable&quot;:false}\">\n\t\t\t\t\t\t<div class=\"elementor-container elementor-column-gap-extended\">\n\t\t\t\t\t<div class=\"elementor-column elementor-col-100 elementor-top-column elementor-element elementor-element-908db85\" data-id=\"908db85\" data-element_type=\"column\" data-e-type=\"column\">\n\t\t\t<div class=\"elementor-widget-wrap elementor-element-populated\">\n\t\t\t\t\t\t<div class=\"elementor-element elementor-element-f8ee6a3 elementor-invisible elementor-widget elementor-widget-nuss-heading\" data-id=\"f8ee6a3\" data-element_type=\"widget\" data-e-type=\"widget\" data-settings=\"{&quot;_animation&quot;:&quot;nussFadeInUp&quot;}\" data-widget_type=\"nuss-heading.default\">\n\t\t\t\t<div class=\"elementor-widget-container\">\n\t\t\t\t\t\t\t<div class=\"nuss-modern-heading\">\r\n\t\t\t\t\t\t<div class=\"heading-secondary-wrap\">\r\n\t\t\t\t<h3 class=\"heading-secondary elementor-heading-title\">H\u00d4TEL AND SPA 4 STARS LES VIOLETTES<\/h3>\t\t\t<\/div>\r\n\t\t\r\n\t\t\t\t\t\t<div class=\"heading-primary-wrap\">\r\n\t\t\t\t<h2 class=\"heading-primary elementor-heading-title\">Spa day booking<\/h2>\t\t\t<\/div>\r\n\t\t\r\n\t\t\t\r\n\t\t\t\t\t<\/div>\r\n\t\t\t\t\t<\/div>\n\t\t\t\t<\/div>\n\t\t\t\t<div class=\"elementor-element elementor-element-3bb1fbf elementor-invisible elementor-widget elementor-widget-text-editor\" data-id=\"3bb1fbf\" data-element_type=\"widget\" data-e-type=\"widget\" data-settings=\"{&quot;_animation&quot;:&quot;nussFadeInUp&quot;}\" data-widget_type=\"text-editor.default\">\n\t\t\t\t<div class=\"elementor-widget-container\">\n\t\t\t\t\t\t\t\t\t<p><em>No reservation on Saturday (access reserved for hotel guests)<\/em><\/p>\t\t\t\t\t\t\t\t<\/div>\n\t\t\t\t<\/div>\n\t\t\t\t<div class=\"elementor-element elementor-element-c3ed2f3 elementor-widget elementor-widget-spacer\" data-id=\"c3ed2f3\" data-element_type=\"widget\" data-e-type=\"widget\" data-widget_type=\"spacer.default\">\n\t\t\t\t<div class=\"elementor-widget-container\">\n\t\t\t\t\t\t\t<div class=\"elementor-spacer\">\n\t\t\t<div class=\"elementor-spacer-inner\"><\/div>\n\t\t<\/div>\n\t\t\t\t\t\t<\/div>\n\t\t\t\t<\/div>\n\t\t\t\t\t<\/div>\n\t\t<\/div>\n\t\t\t\t\t<\/div>\n\t\t<\/section>\n\t\t\t\t<section class=\"elementor-section elementor-top-section elementor-element elementor-element-78a22ca elementor-section-boxed elementor-section-gap-beside-yes elementor-section-height-default elementor-section-height-default elementor-section-column-vertical-align-stretch\" data-id=\"78a22ca\" data-element_type=\"section\" data-e-type=\"section\" data-settings=\"{&quot;_ha_eqh_enable&quot;:false}\">\n\t\t\t\t\t\t<div class=\"elementor-container elementor-column-gap-extended\">\n\t\t\t\t\t<div class=\"elementor-column elementor-col-33 elementor-top-column elementor-element elementor-element-de55990\" data-id=\"de55990\" data-element_type=\"column\" data-e-type=\"column\">\n\t\t\t<div class=\"elementor-widget-wrap\">\n\t\t\t\t\t\t\t<\/div>\n\t\t<\/div>\n\t\t\t\t<div class=\"elementor-column elementor-col-33 elementor-top-column elementor-element elementor-element-3ddc2f4\" data-id=\"3ddc2f4\" data-element_type=\"column\" data-e-type=\"column\">\n\t\t\t<div class=\"elementor-widget-wrap elementor-element-populated\">\n\t\t\t\t\t\t<div class=\"elementor-element elementor-element-9852a41 elementor-widget elementor-widget-heading\" data-id=\"9852a41\" data-element_type=\"widget\" data-e-type=\"widget\" data-widget_type=\"heading.default\">\n\t\t\t\t<div class=\"elementor-widget-container\">\n\t\t\t\t\t<h2 class=\"elementor-heading-title elementor-size-default\">Gourmet Spa<\/h2>\t\t\t\t<\/div>\n\t\t\t\t<\/div>\n\t\t\t\t<div class=\"elementor-element elementor-element-d13be4c elementor-widget elementor-widget-spacer\" data-id=\"d13be4c\" data-element_type=\"widget\" data-e-type=\"widget\" data-widget_type=\"spacer.default\">\n\t\t\t\t<div class=\"elementor-widget-container\">\n\t\t\t\t\t\t\t<div class=\"elementor-spacer\">\n\t\t\t<div class=\"elementor-spacer-inner\"><\/div>\n\t\t<\/div>\n\t\t\t\t\t\t<\/div>\n\t\t\t\t<\/div>\n\t\t\t\t<div class=\"elementor-element elementor-element-51a8f2f elementor-widget elementor-widget-text-editor\" data-id=\"51a8f2f\" data-element_type=\"widget\" data-e-type=\"widget\" data-widget_type=\"text-editor.default\">\n\t\t\t\t<div class=\"elementor-widget-container\">\n\t\t\t\t\t\t\t\t\t<p><span style=\"font-weight: 400;\">\u2022 Access to the Spa from 10 a.m. to 8 p.m.<br \/><span style=\"color: var( --e-global-color-text ); letter-spacing: inherit;\">\u2022 Daily menu (excluding drinks, served only at lunchtime)<br \/><\/span><\/span><span style=\"font-weight: 400;\">\u2022 Provision of bathrobe, bath towel, swimming pool slippers<br \/><\/span><span style=\"font-weight: 400;\">\u2022 Unlimited access to our 1000 m\u00b2 space (swimming pool, saunas, hammams, salt cave, etc.)<\/span><\/p>\t\t\t\t\t\t\t\t<\/div>\n\t\t\t\t<\/div>\n\t\t\t\t<div class=\"elementor-element elementor-element-6d6b54b elementor-widget elementor-widget-spacer\" data-id=\"6d6b54b\" data-element_type=\"widget\" data-e-type=\"widget\" data-widget_type=\"spacer.default\">\n\t\t\t\t<div class=\"elementor-widget-container\">\n\t\t\t\t\t\t\t<div class=\"elementor-spacer\">\n\t\t\t<div class=\"elementor-spacer-inner\"><\/div>\n\t\t<\/div>\n\t\t\t\t\t\t<\/div>\n\t\t\t\t<\/div>\n\t\t\t\t\t<\/div>\n\t\t<\/div>\n\t\t\t\t<div class=\"elementor-column elementor-col-33 elementor-top-column elementor-element elementor-element-6a91b84\" data-id=\"6a91b84\" data-element_type=\"column\" data-e-type=\"column\">\n\t\t\t<div class=\"elementor-widget-wrap\">\n\t\t\t\t\t\t\t<\/div>\n\t\t<\/div>\n\t\t\t\t\t<\/div>\n\t\t<\/section>\n\t\t\t\t<section class=\"elementor-section elementor-top-section elementor-element elementor-element-3cb5118 elementor-hidden-desktop elementor-hidden-tablet elementor-hidden-mobile elementor-section-boxed elementor-section-gap-beside-yes elementor-section-height-default elementor-section-height-default elementor-section-column-vertical-align-stretch\" data-id=\"3cb5118\" data-element_type=\"section\" data-e-type=\"section\" data-settings=\"{&quot;_ha_eqh_enable&quot;:false}\">\n\t\t\t\t\t\t<div class=\"elementor-container elementor-column-gap-extended\">\n\t\t\t\t\t<div class=\"elementor-column elementor-col-25 elementor-top-column elementor-element elementor-element-a8f3291\" data-id=\"a8f3291\" data-element_type=\"column\" data-e-type=\"column\">\n\t\t\t<div class=\"elementor-widget-wrap\">\n\t\t\t\t\t\t\t<\/div>\n\t\t<\/div>\n\t\t\t\t<div class=\"elementor-column elementor-col-25 elementor-top-column elementor-element elementor-element-d9af7e9\" data-id=\"d9af7e9\" data-element_type=\"column\" data-e-type=\"column\">\n\t\t\t<div class=\"elementor-widget-wrap elementor-element-populated\">\n\t\t\t\t\t\t<div class=\"elementor-element elementor-element-19aa2ad elementor-widget elementor-widget-heading\" data-id=\"19aa2ad\" data-element_type=\"widget\" data-e-type=\"widget\" data-widget_type=\"heading.default\">\n\t\t\t\t<div class=\"elementor-widget-container\">\n\t\t\t\t\t<h2 class=\"elementor-heading-title elementor-size-default\">Journ\u00e9e Spa<\/h2>\t\t\t\t<\/div>\n\t\t\t\t<\/div>\n\t\t\t\t<div class=\"elementor-element elementor-element-73f72b6 elementor-widget elementor-widget-spacer\" data-id=\"73f72b6\" data-element_type=\"widget\" data-e-type=\"widget\" data-widget_type=\"spacer.default\">\n\t\t\t\t<div class=\"elementor-widget-container\">\n\t\t\t\t\t\t\t<div class=\"elementor-spacer\">\n\t\t\t<div class=\"elementor-spacer-inner\"><\/div>\n\t\t<\/div>\n\t\t\t\t\t\t<\/div>\n\t\t\t\t<\/div>\n\t\t\t\t<div class=\"elementor-element elementor-element-6710ea1 elementor-widget elementor-widget-text-editor\" data-id=\"6710ea1\" data-element_type=\"widget\" data-e-type=\"widget\" data-widget_type=\"text-editor.default\">\n\t\t\t\t<div class=\"elementor-widget-container\">\n\t\t\t\t\t\t\t\t\t<p><span style=\"font-weight: 400;\">\u2022 Acc\u00e8s au Spa de 10h00 \u00e0 20h00<br \/><\/span><span style=\"font-weight: 400;\">\u2022 Mise \u00e0 disposition de peignoir, serviette de bain, chaussons de piscine<br \/><\/span><span style=\"font-weight: 400;\">\u2022 Acc\u00e8s illimit\u00e9 \u00e0 notre espace de 1000 m\u00b2 (Piscine, saunas, hammams, grotte \u00e0 sel\u2026)<\/span><\/p>\n\t\t\t\t\t\t\t\t<\/div>\n\t\t\t\t<\/div>\n\t\t\t\t<div class=\"elementor-element elementor-element-0ec8523 elementor-widget elementor-widget-spacer\" data-id=\"0ec8523\" data-element_type=\"widget\" data-e-type=\"widget\" data-widget_type=\"spacer.default\">\n\t\t\t\t<div class=\"elementor-widget-container\">\n\t\t\t\t\t\t\t<div class=\"elementor-spacer\">\n\t\t\t<div class=\"elementor-spacer-inner\"><\/div>\n\t\t<\/div>\n\t\t\t\t\t\t<\/div>\n\t\t\t\t<\/div>\n\t\t\t\t\t<\/div>\n\t\t<\/div>\n\t\t\t\t<div class=\"elementor-column elementor-col-25 elementor-top-column elementor-element elementor-element-d2e0b17\" data-id=\"d2e0b17\" data-element_type=\"column\" data-e-type=\"column\">\n\t\t\t<div class=\"elementor-widget-wrap elementor-element-populated\">\n\t\t\t\t\t\t<div class=\"elementor-element elementor-element-6a3d276 elementor-widget elementor-widget-heading\" data-id=\"6a3d276\" data-element_type=\"widget\" data-e-type=\"widget\" data-widget_type=\"heading.default\">\n\t\t\t\t<div class=\"elementor-widget-container\">\n\t\t\t\t\t<h2 class=\"elementor-heading-title elementor-size-default\">Spa Gourmand <\/h2>\t\t\t\t<\/div>\n\t\t\t\t<\/div>\n\t\t\t\t<div class=\"elementor-element elementor-element-e3f0e2b elementor-widget elementor-widget-spacer\" data-id=\"e3f0e2b\" data-element_type=\"widget\" data-e-type=\"widget\" data-widget_type=\"spacer.default\">\n\t\t\t\t<div class=\"elementor-widget-container\">\n\t\t\t\t\t\t\t<div class=\"elementor-spacer\">\n\t\t\t<div class=\"elementor-spacer-inner\"><\/div>\n\t\t<\/div>\n\t\t\t\t\t\t<\/div>\n\t\t\t\t<\/div>\n\t\t\t\t<div class=\"elementor-element elementor-element-c271de9 elementor-widget elementor-widget-text-editor\" data-id=\"c271de9\" data-element_type=\"widget\" data-e-type=\"widget\" data-widget_type=\"text-editor.default\">\n\t\t\t\t<div class=\"elementor-widget-container\">\n\t\t\t\t\t\t\t\t\t<p><span style=\"font-weight: 400;\">\u2022 Acc\u00e8s au Spa de 10h00 \u00e0 20h00<br \/><span style=\"color: var( --e-global-color-text ); letter-spacing: inherit;\">\u2022 Menu du jour (hors boissons, servis uniquement le midi)<br \/><\/span><\/span><span style=\"font-weight: 400;\">\u2022Mise \u00e0 disposition de peignoir, serviette de bain, chaussons de piscine<br \/><\/span><span style=\"font-weight: 400;\">\u2022 Acc\u00e8s illimit\u00e9 \u00e0 notre espace de 1000 m\u00b2 (Piscine, saunas, hammams, grotte \u00e0 sel\u2026)<\/span><\/p>\n\t\t\t\t\t\t\t\t<\/div>\n\t\t\t\t<\/div>\n\t\t\t\t<div class=\"elementor-element elementor-element-20d3d40 elementor-widget elementor-widget-spacer\" data-id=\"20d3d40\" data-element_type=\"widget\" data-e-type=\"widget\" data-widget_type=\"spacer.default\">\n\t\t\t\t<div class=\"elementor-widget-container\">\n\t\t\t\t\t\t\t<div class=\"elementor-spacer\">\n\t\t\t<div class=\"elementor-spacer-inner\"><\/div>\n\t\t<\/div>\n\t\t\t\t\t\t<\/div>\n\t\t\t\t<\/div>\n\t\t\t\t\t<\/div>\n\t\t<\/div>\n\t\t\t\t<div class=\"elementor-column elementor-col-25 elementor-top-column elementor-element elementor-element-7e35953\" data-id=\"7e35953\" data-element_type=\"column\" data-e-type=\"column\">\n\t\t\t<div class=\"elementor-widget-wrap\">\n\t\t\t\t\t\t\t<\/div>\n\t\t<\/div>\n\t\t\t\t\t<\/div>\n\t\t<\/section>\n\t\t\t\t<section class=\"elementor-section elementor-top-section elementor-element elementor-element-7a19152 elementor-section-boxed elementor-section-gap-beside-yes elementor-section-height-default elementor-section-height-default elementor-section-column-vertical-align-stretch\" data-id=\"7a19152\" data-element_type=\"section\" data-e-type=\"section\" data-settings=\"{&quot;_ha_eqh_enable&quot;:false}\">\n\t\t\t\t\t\t<div class=\"elementor-container elementor-column-gap-extended\">\n\t\t\t\t\t<div class=\"elementor-column elementor-col-100 elementor-top-column elementor-element elementor-element-893001e\" data-id=\"893001e\" data-element_type=\"column\" data-e-type=\"column\">\n\t\t\t<div class=\"elementor-widget-wrap\">\n\t\t\t\t\t\t\t<\/div>\n\t\t<\/div>\n\t\t\t\t\t<\/div>\n\t\t<\/section>\n\t\t\t\t<\/div>\n\t\t","protected":false},"excerpt":{"rendered":"<p>Spa Alsace &#8211; Online booking H\u00d4TEL AND SPA 4 STARS LES VIOLETTES Spa day booking [ameliastepbooking] No reservation on Saturday (access reserved for hotel guests) Gourmet Spa \u2022 Access to the Spa from 10 a.m. to 8 p.m.\u2022 Daily menu (excluding drinks, served only at lunchtime)\u2022 Provision of bathrobe, bath towel, swimming pool slippers\u2022 Unlimited [&hellip;]<\/p>\n","protected":false},"author":1,"featured_media":33984,"parent":0,"menu_order":24,"comment_status":"closed","ping_status":"closed","template":"elementor_header_footer","meta":{"footnotes":""},"class_list":["post-36848","page","type-page","status-publish","has-post-thumbnail","hentry"],"yoast_head":"<!-- This site is optimized with the Yoast SEO plugin v27.3 - https:\/\/yoast.com\/product\/yoast-seo-wordpress\/ -->\n<title>Reservation Spa &amp; Wellness | Hotel &amp; Spa les Violettes in Alsace<\/title>\n<meta name=\"description\" content=\"Reserve a moment of rest in our Spa and Wellness area. Massages, Saunas, Hamams or Jaccuzzis are on the program with the sole mission of relaxing you and spending a moment out of time.\" \/>\n<meta name=\"robots\" content=\"index, follow, max-snippet:-1, max-image-preview:large, max-video-preview:-1\" \/>\n<link rel=\"canonical\" href=\"https:\/\/les-violettes.com\/en\/reservation-spa-wellness\/\" \/>\n<meta property=\"og:locale\" content=\"en_US\" \/>\n<meta property=\"og:type\" content=\"article\" \/>\n<meta property=\"og:title\" content=\"Reservation Spa &amp; Wellness | Hotel &amp; Spa les Violettes in Alsace\" \/>\n<meta property=\"og:description\" content=\"Reserve a moment of rest in our Spa and Wellness area. Massages, Saunas, Hamams or Jaccuzzis are on the program with the sole mission of relaxing you and spending a moment out of time.\" \/>\n<meta property=\"og:url\" content=\"https:\/\/les-violettes.com\/en\/reservation-spa-wellness\/\" \/>\n<meta property=\"og:site_name\" content=\"Hot\u00eal &amp; Spa Les Violettes\" \/>\n<meta property=\"article:modified_time\" content=\"2025-02-24T13:30:37+00:00\" \/>\n<meta property=\"og:image\" content=\"http:\/\/les-violettes.com\/wp-content\/uploads\/2021\/12\/199205421_6067500316593305_7600995432393368582_n.jpg\" \/>\n\t<meta property=\"og:image:width\" content=\"1973\" \/>\n\t<meta property=\"og:image:height\" content=\"1155\" \/>\n\t<meta property=\"og:image:type\" content=\"image\/jpeg\" \/>\n<meta name=\"twitter:card\" content=\"summary_large_image\" \/>\n<meta name=\"twitter:label1\" content=\"Est. reading time\" \/>\n\t<meta name=\"twitter:data1\" content=\"1 minute\" \/>\n<script type=\"application\/ld+json\" class=\"yoast-schema-graph\">{\"@context\":\"https:\\\/\\\/schema.org\",\"@graph\":[{\"@type\":\"WebPage\",\"@id\":\"https:\\\/\\\/les-violettes.com\\\/en\\\/reservation-spa-wellness\\\/\",\"url\":\"https:\\\/\\\/les-violettes.com\\\/en\\\/reservation-spa-wellness\\\/\",\"name\":\"Reservation Spa & Wellness | Hotel & Spa les Violettes in Alsace\",\"isPartOf\":{\"@id\":\"https:\\\/\\\/les-violettes.com\\\/en\\\/#website\"},\"primaryImageOfPage\":{\"@id\":\"https:\\\/\\\/les-violettes.com\\\/en\\\/reservation-spa-wellness\\\/#primaryimage\"},\"image\":{\"@id\":\"https:\\\/\\\/les-violettes.com\\\/en\\\/reservation-spa-wellness\\\/#primaryimage\"},\"thumbnailUrl\":\"https:\\\/\\\/les-violettes.com\\\/wp-content\\\/uploads\\\/2021\\\/12\\\/199205421_6067500316593305_7600995432393368582_n.jpg\",\"datePublished\":\"2021-12-01T14:47:27+00:00\",\"dateModified\":\"2025-02-24T13:30:37+00:00\",\"description\":\"Reserve a moment of rest in our Spa and Wellness area. Massages, Saunas, Hamams or Jaccuzzis are on the program with the sole mission of relaxing you and spending a moment out of time.\",\"breadcrumb\":{\"@id\":\"https:\\\/\\\/les-violettes.com\\\/en\\\/reservation-spa-wellness\\\/#breadcrumb\"},\"inLanguage\":\"en-US\",\"potentialAction\":[{\"@type\":\"ReadAction\",\"target\":[\"https:\\\/\\\/les-violettes.com\\\/en\\\/reservation-spa-wellness\\\/\"]}]},{\"@type\":\"ImageObject\",\"inLanguage\":\"en-US\",\"@id\":\"https:\\\/\\\/les-violettes.com\\\/en\\\/reservation-spa-wellness\\\/#primaryimage\",\"url\":\"https:\\\/\\\/les-violettes.com\\\/wp-content\\\/uploads\\\/2021\\\/12\\\/199205421_6067500316593305_7600995432393368582_n.jpg\",\"contentUrl\":\"https:\\\/\\\/les-violettes.com\\\/wp-content\\\/uploads\\\/2021\\\/12\\\/199205421_6067500316593305_7600995432393368582_n.jpg\",\"width\":1973,\"height\":1155},{\"@type\":\"BreadcrumbList\",\"@id\":\"https:\\\/\\\/les-violettes.com\\\/en\\\/reservation-spa-wellness\\\/#breadcrumb\",\"itemListElement\":[{\"@type\":\"ListItem\",\"position\":1,\"name\":\"Accueil\",\"item\":\"https:\\\/\\\/les-violettes.com\\\/en\\\/\"},{\"@type\":\"ListItem\",\"position\":2,\"name\":\"Spa &#038; Wellness booking\"}]},{\"@type\":\"WebSite\",\"@id\":\"https:\\\/\\\/les-violettes.com\\\/en\\\/#website\",\"url\":\"https:\\\/\\\/les-violettes.com\\\/en\\\/\",\"name\":\"Hot\u00eal &amp; Spa Les Violettes\",\"description\":\"Votre H\u00f4tel &amp; Spa ****\",\"publisher\":{\"@id\":\"https:\\\/\\\/les-violettes.com\\\/en\\\/#organization\"},\"potentialAction\":[{\"@type\":\"SearchAction\",\"target\":{\"@type\":\"EntryPoint\",\"urlTemplate\":\"https:\\\/\\\/les-violettes.com\\\/en\\\/?s={search_term_string}\"},\"query-input\":{\"@type\":\"PropertyValueSpecification\",\"valueRequired\":true,\"valueName\":\"search_term_string\"}}],\"inLanguage\":\"en-US\"},{\"@type\":\"Organization\",\"@id\":\"https:\\\/\\\/les-violettes.com\\\/en\\\/#organization\",\"name\":\"H\u00f4tel & Spa Les Violettes\",\"url\":\"https:\\\/\\\/les-violettes.com\\\/en\\\/\",\"logo\":{\"@type\":\"ImageObject\",\"inLanguage\":\"en-US\",\"@id\":\"https:\\\/\\\/les-violettes.com\\\/en\\\/#\\\/schema\\\/logo\\\/image\\\/\",\"url\":\"http:\\\/\\\/les-violettes.com\\\/wp-content\\\/uploads\\\/2021\\\/10\\\/logo-violettes.png\",\"contentUrl\":\"http:\\\/\\\/les-violettes.com\\\/wp-content\\\/uploads\\\/2021\\\/10\\\/logo-violettes.png\",\"width\":2643,\"height\":540,\"caption\":\"H\u00f4tel & Spa Les Violettes\"},\"image\":{\"@id\":\"https:\\\/\\\/les-violettes.com\\\/en\\\/#\\\/schema\\\/logo\\\/image\\\/\"}}]}<\/script>\n<!-- \/ Yoast SEO plugin. -->","yoast_head_json":{"title":"Reservation Spa & Wellness | Hotel & Spa les Violettes in Alsace","description":"Reserve a moment of rest in our Spa and Wellness area. Massages, Saunas, Hamams or Jaccuzzis are on the program with the sole mission of relaxing you and spending a moment out of time.","robots":{"index":"index","follow":"follow","max-snippet":"max-snippet:-1","max-image-preview":"max-image-preview:large","max-video-preview":"max-video-preview:-1"},"canonical":"https:\/\/les-violettes.com\/en\/reservation-spa-wellness\/","og_locale":"en_US","og_type":"article","og_title":"Reservation Spa & Wellness | Hotel & Spa les Violettes in Alsace","og_description":"Reserve a moment of rest in our Spa and Wellness area. Massages, Saunas, Hamams or Jaccuzzis are on the program with the sole mission of relaxing you and spending a moment out of time.","og_url":"https:\/\/les-violettes.com\/en\/reservation-spa-wellness\/","og_site_name":"Hot\u00eal &amp; Spa Les Violettes","article_modified_time":"2025-02-24T13:30:37+00:00","og_image":[{"width":1973,"height":1155,"url":"http:\/\/les-violettes.com\/wp-content\/uploads\/2021\/12\/199205421_6067500316593305_7600995432393368582_n.jpg","type":"image\/jpeg"}],"twitter_card":"summary_large_image","twitter_misc":{"Est. reading time":"1 minute"},"schema":{"@context":"https:\/\/schema.org","@graph":[{"@type":"WebPage","@id":"https:\/\/les-violettes.com\/en\/reservation-spa-wellness\/","url":"https:\/\/les-violettes.com\/en\/reservation-spa-wellness\/","name":"Reservation Spa & Wellness | Hotel & Spa les Violettes in Alsace","isPartOf":{"@id":"https:\/\/les-violettes.com\/en\/#website"},"primaryImageOfPage":{"@id":"https:\/\/les-violettes.com\/en\/reservation-spa-wellness\/#primaryimage"},"image":{"@id":"https:\/\/les-violettes.com\/en\/reservation-spa-wellness\/#primaryimage"},"thumbnailUrl":"https:\/\/les-violettes.com\/wp-content\/uploads\/2021\/12\/199205421_6067500316593305_7600995432393368582_n.jpg","datePublished":"2021-12-01T14:47:27+00:00","dateModified":"2025-02-24T13:30:37+00:00","description":"Reserve a moment of rest in our Spa and Wellness area. Massages, Saunas, Hamams or Jaccuzzis are on the program with the sole mission of relaxing you and spending a moment out of time.","breadcrumb":{"@id":"https:\/\/les-violettes.com\/en\/reservation-spa-wellness\/#breadcrumb"},"inLanguage":"en-US","potentialAction":[{"@type":"ReadAction","target":["https:\/\/les-violettes.com\/en\/reservation-spa-wellness\/"]}]},{"@type":"ImageObject","inLanguage":"en-US","@id":"https:\/\/les-violettes.com\/en\/reservation-spa-wellness\/#primaryimage","url":"https:\/\/les-violettes.com\/wp-content\/uploads\/2021\/12\/199205421_6067500316593305_7600995432393368582_n.jpg","contentUrl":"https:\/\/les-violettes.com\/wp-content\/uploads\/2021\/12\/199205421_6067500316593305_7600995432393368582_n.jpg","width":1973,"height":1155},{"@type":"BreadcrumbList","@id":"https:\/\/les-violettes.com\/en\/reservation-spa-wellness\/#breadcrumb","itemListElement":[{"@type":"ListItem","position":1,"name":"Accueil","item":"https:\/\/les-violettes.com\/en\/"},{"@type":"ListItem","position":2,"name":"Spa &#038; Wellness booking"}]},{"@type":"WebSite","@id":"https:\/\/les-violettes.com\/en\/#website","url":"https:\/\/les-violettes.com\/en\/","name":"Hot\u00eal &amp; Spa Les Violettes","description":"Votre H\u00f4tel &amp; Spa ****","publisher":{"@id":"https:\/\/les-violettes.com\/en\/#organization"},"potentialAction":[{"@type":"SearchAction","target":{"@type":"EntryPoint","urlTemplate":"https:\/\/les-violettes.com\/en\/?s={search_term_string}"},"query-input":{"@type":"PropertyValueSpecification","valueRequired":true,"valueName":"search_term_string"}}],"inLanguage":"en-US"},{"@type":"Organization","@id":"https:\/\/les-violettes.com\/en\/#organization","name":"H\u00f4tel & Spa Les Violettes","url":"https:\/\/les-violettes.com\/en\/","logo":{"@type":"ImageObject","inLanguage":"en-US","@id":"https:\/\/les-violettes.com\/en\/#\/schema\/logo\/image\/","url":"http:\/\/les-violettes.com\/wp-content\/uploads\/2021\/10\/logo-violettes.png","contentUrl":"http:\/\/les-violettes.com\/wp-content\/uploads\/2021\/10\/logo-violettes.png","width":2643,"height":540,"caption":"H\u00f4tel & Spa Les Violettes"},"image":{"@id":"https:\/\/les-violettes.com\/en\/#\/schema\/logo\/image\/"}}]}},"publishpress_future_action":{"enabled":false,"date":"2026-05-05 10:39:22","action":"change-status","newStatus":"draft","terms":[],"taxonomy":"translation_priority","extraData":[]},"publishpress_future_workflow_manual_trigger":{"enabledWorkflows":[]},"_links":{"self":[{"href":"https:\/\/les-violettes.com\/en\/wp-json\/wp\/v2\/pages\/36848","targetHints":{"allow":["GET"]}}],"collection":[{"href":"https:\/\/les-violettes.com\/en\/wp-json\/wp\/v2\/pages"}],"about":[{"href":"https:\/\/les-violettes.com\/en\/wp-json\/wp\/v2\/types\/page"}],"author":[{"embeddable":true,"href":"https:\/\/les-violettes.com\/en\/wp-json\/wp\/v2\/users\/1"}],"replies":[{"embeddable":true,"href":"https:\/\/les-violettes.com\/en\/wp-json\/wp\/v2\/comments?post=36848"}],"version-history":[{"count":0,"href":"https:\/\/les-violettes.com\/en\/wp-json\/wp\/v2\/pages\/36848\/revisions"}],"wp:featuredmedia":[{"embeddable":true,"href":"https:\/\/les-violettes.com\/en\/wp-json\/wp\/v2\/media\/33984"}],"wp:attachment":[{"href":"https:\/\/les-violettes.com\/en\/wp-json\/wp\/v2\/media?parent=36848"}],"curies":[{"name":"wp","href":"https:\/\/api.w.org\/{rel}","templated":true}]}}